{"id":27231,"date":"2023-11-26T01:53:18","date_gmt":"2023-11-26T01:53:18","guid":{"rendered":"https:\/\/mostincrediblevalue.com\/beauty\/index.php\/product\/idole-mascara-and-eyeliner-gift-set-53-value-sku217742255-2\/"},"modified":"2023-12-11T00:35:15","modified_gmt":"2023-12-11T00:35:15","slug":"idole-mascara-and-eyeliner-gift-set-53-value-sku217742255-2","status":"publish","type":"product","link":"https:\/\/mostincrediblevalue.com\/beauty\/index.php\/product\/idole-mascara-and-eyeliner-gift-set-53-value-sku217742255-2\/","title":{"rendered":"Idole Mascara and Eyeliner Gift Set ($53 Value)- sku217742255"},"content":{"rendered":"","protected":false},"excerpt":{"rendered":"<p>Full-size Id\u00f4le Liner, 0.22 oz. Full-size Lash Id\u00f4le Mascara Glossy Black, 0.27 oz. The 24H Wear Id\u00f4le Liner will provide the results you&#8217;ll want to show off. With its ultra-precise felt tip and luminous black pigments, Id\u00f4le liner enables seamless application to the lash line for easy glide, one stroke application. The perfect liner even for beginners! Up to 24H waterproof wear and a flexible ultra slim felt tip gives bend when you need it. The ergonomic.<\/p>\n","protected":false},"featured_media":27232,"comment_status":"closed","ping_status":"closed","template":"","meta":[],"product_brand":[],"product_cat":[284,282,292,283],"product_tag":[178],"class_list":{"0":"post-27231","1":"product","2":"type-product","3":"status-publish","4":"has-post-thumbnail","6":"product_cat-cosmetics","7":"product_cat-health-beauty","8":"product_cat-perfume-cologne","9":"product_cat-personal-care","10":"product_tag-lancome","12":"first","13":"instock","14":"product-type-external","15":"add-to-wishlist-after_add_to_cart"},"yoast_head":"<!-- This site is optimized with the Yoast SEO plugin v27.4 - https:\/\/yoast.com\/product\/yoast-seo-wordpress\/ -->\n<title>Idole Mascara and Eyeliner Gift Set ($53 Value)<\/title>\n<meta name=\"description\" content=\"Idole Mascara and Eyeliner Gift Set ($53 Value) - Full-size Id\u00f4le Liner, 0.22 oz. Full-size Lash Id\u00f4le Mascara Glossy Black, 0.27 oz. The 24H Wear Id\u00f4le Liner will provide the results you&#039;ll want to show off. With its ultra-precise felt tip and luminous black pigments, Id\u00f4le liner enables seamless application to the lash line for easy glide, one stroke application. The perfect liner even for beginners! Up to 24H waterproof wear and a flexible ultra slim felt tip gives bend when you need it. The ergonomic.\" \/>\n<meta name=\"robots\" content=\"index, follow, max-snippet:-1, max-image-preview:large, max-video-preview:-1\" \/>\n<link rel=\"canonical\" href=\"https:\/\/mostincrediblevalue.com\/beauty\/index.php\/product\/idole-mascara-and-eyeliner-gift-set-53-value-sku217742255-2\/\" \/>\n<meta property=\"og:locale\" content=\"en_US\" \/>\n<meta property=\"og:type\" content=\"article\" \/>\n<meta property=\"og:title\" content=\"Idole Mascara and Eyeliner Gift Set ($53 Value)\" \/>\n<meta property=\"og:description\" content=\"Idole Mascara and Eyeliner Gift Set ($53 Value) - Full-size Id\u00f4le Liner, 0.22 oz. Full-size Lash Id\u00f4le Mascara Glossy Black, 0.27 oz. The 24H Wear Id\u00f4le Liner will provide the results you&#039;ll want to show off. With its ultra-precise felt tip and luminous black pigments, Id\u00f4le liner enables seamless application to the lash line for easy glide, one stroke application. The perfect liner even for beginners! Up to 24H waterproof wear and a flexible ultra slim felt tip gives bend when you need it. The ergonomic.\" \/>\n<meta property=\"og:url\" content=\"https:\/\/mostincrediblevalue.com\/beauty\/index.php\/product\/idole-mascara-and-eyeliner-gift-set-53-value-sku217742255-2\/\" \/>\n<meta property=\"og:site_name\" content=\"Health &amp; Beauty\" \/>\n<meta property=\"article:modified_time\" content=\"2023-12-11T00:35:15+00:00\" \/>\n<meta property=\"og:image\" content=\"https:\/\/mostincrediblevalue.com\/beauty\/wp-content\/uploads\/2023\/11\/nm_4549147_100000_m.jpeg\" \/>\n\t<meta property=\"og:image:width\" content=\"1200\" \/>\n\t<meta property=\"og:image:height\" content=\"1500\" \/>\n\t<meta property=\"og:image:type\" content=\"image\/jpeg\" \/>\n<meta name=\"twitter:card\" content=\"summary_large_image\" \/>\n<script type=\"application\/ld+json\" class=\"yoast-schema-graph\">{\"@context\":\"https:\\\/\\\/schema.org\",\"@graph\":[{\"@type\":\"WebPage\",\"@id\":\"https:\\\/\\\/mostincrediblevalue.com\\\/beauty\\\/index.php\\\/product\\\/idole-mascara-and-eyeliner-gift-set-53-value-sku217742255-2\\\/\",\"url\":\"https:\\\/\\\/mostincrediblevalue.com\\\/beauty\\\/index.php\\\/product\\\/idole-mascara-and-eyeliner-gift-set-53-value-sku217742255-2\\\/\",\"name\":\"Idole Mascara and Eyeliner Gift Set ($53 Value)\",\"isPartOf\":{\"@id\":\"https:\\\/\\\/mostincrediblevalue.com\\\/beauty\\\/#website\"},\"primaryImageOfPage\":{\"@id\":\"https:\\\/\\\/mostincrediblevalue.com\\\/beauty\\\/index.php\\\/product\\\/idole-mascara-and-eyeliner-gift-set-53-value-sku217742255-2\\\/#primaryimage\"},\"image\":{\"@id\":\"https:\\\/\\\/mostincrediblevalue.com\\\/beauty\\\/index.php\\\/product\\\/idole-mascara-and-eyeliner-gift-set-53-value-sku217742255-2\\\/#primaryimage\"},\"thumbnailUrl\":\"https:\\\/\\\/mostincrediblevalue.com\\\/beauty\\\/wp-content\\\/uploads\\\/2023\\\/11\\\/nm_4549147_100000_m.jpeg\",\"datePublished\":\"2023-11-26T01:53:18+00:00\",\"dateModified\":\"2023-12-11T00:35:15+00:00\",\"description\":\"Idole Mascara and Eyeliner Gift Set ($53 Value) - Full-size Id\u00f4le Liner, 0.22 oz. Full-size Lash Id\u00f4le Mascara Glossy Black, 0.27 oz. The 24H Wear Id\u00f4le Liner will provide the results you'll want to show off. With its ultra-precise felt tip and luminous black pigments, Id\u00f4le liner enables seamless application to the lash line for easy glide, one stroke application. The perfect liner even for beginners! Up to 24H waterproof wear and a flexible ultra slim felt tip gives bend when you need it. The ergonomic.\",\"breadcrumb\":{\"@id\":\"https:\\\/\\\/mostincrediblevalue.com\\\/beauty\\\/index.php\\\/product\\\/idole-mascara-and-eyeliner-gift-set-53-value-sku217742255-2\\\/#breadcrumb\"},\"inLanguage\":\"en-US\",\"potentialAction\":[{\"@type\":\"ReadAction\",\"target\":[\"https:\\\/\\\/mostincrediblevalue.com\\\/beauty\\\/index.php\\\/product\\\/idole-mascara-and-eyeliner-gift-set-53-value-sku217742255-2\\\/\"]}]},{\"@type\":\"ImageObject\",\"inLanguage\":\"en-US\",\"@id\":\"https:\\\/\\\/mostincrediblevalue.com\\\/beauty\\\/index.php\\\/product\\\/idole-mascara-and-eyeliner-gift-set-53-value-sku217742255-2\\\/#primaryimage\",\"url\":\"https:\\\/\\\/mostincrediblevalue.com\\\/beauty\\\/wp-content\\\/uploads\\\/2023\\\/11\\\/nm_4549147_100000_m.jpeg\",\"contentUrl\":\"https:\\\/\\\/mostincrediblevalue.com\\\/beauty\\\/wp-content\\\/uploads\\\/2023\\\/11\\\/nm_4549147_100000_m.jpeg\",\"width\":1200,\"height\":1500},{\"@type\":\"BreadcrumbList\",\"@id\":\"https:\\\/\\\/mostincrediblevalue.com\\\/beauty\\\/index.php\\\/product\\\/idole-mascara-and-eyeliner-gift-set-53-value-sku217742255-2\\\/#breadcrumb\",\"itemListElement\":[{\"@type\":\"ListItem\",\"position\":1,\"name\":\"Home\",\"item\":\"https:\\\/\\\/mostincrediblevalue.com\\\/beauty\\\/\"},{\"@type\":\"ListItem\",\"position\":2,\"name\":\"Shop\",\"item\":\"https:\\\/\\\/mostincrediblevalue.com\\\/beauty\\\/\"},{\"@type\":\"ListItem\",\"position\":3,\"name\":\"Idole Mascara and Eyeliner Gift Set ($53 Value)- sku217742255\"}]},{\"@type\":\"WebSite\",\"@id\":\"https:\\\/\\\/mostincrediblevalue.com\\\/beauty\\\/#website\",\"url\":\"https:\\\/\\\/mostincrediblevalue.com\\\/beauty\\\/\",\"name\":\"Health &amp; Beauty\",\"description\":\"\",\"potentialAction\":[{\"@type\":\"SearchAction\",\"target\":{\"@type\":\"EntryPoint\",\"urlTemplate\":\"https:\\\/\\\/mostincrediblevalue.com\\\/beauty\\\/?s={search_term_string}\"},\"query-input\":{\"@type\":\"PropertyValueSpecification\",\"valueRequired\":true,\"valueName\":\"search_term_string\"}}],\"inLanguage\":\"en-US\"}]}<\/script>\n<!-- \/ Yoast SEO plugin. -->","yoast_head_json":{"title":"Idole Mascara and Eyeliner Gift Set ($53 Value)","description":"Idole Mascara and Eyeliner Gift Set ($53 Value) - Full-size Id\u00f4le Liner, 0.22 oz. Full-size Lash Id\u00f4le Mascara Glossy Black, 0.27 oz. The 24H Wear Id\u00f4le Liner will provide the results you'll want to show off. With its ultra-precise felt tip and luminous black pigments, Id\u00f4le liner enables seamless application to the lash line for easy glide, one stroke application. The perfect liner even for beginners! Up to 24H waterproof wear and a flexible ultra slim felt tip gives bend when you need it. The ergonomic.","robots":{"index":"index","follow":"follow","max-snippet":"max-snippet:-1","max-image-preview":"max-image-preview:large","max-video-preview":"max-video-preview:-1"},"canonical":"https:\/\/mostincrediblevalue.com\/beauty\/index.php\/product\/idole-mascara-and-eyeliner-gift-set-53-value-sku217742255-2\/","og_locale":"en_US","og_type":"article","og_title":"Idole Mascara and Eyeliner Gift Set ($53 Value)","og_description":"Idole Mascara and Eyeliner Gift Set ($53 Value) - Full-size Id\u00f4le Liner, 0.22 oz. Full-size Lash Id\u00f4le Mascara Glossy Black, 0.27 oz. The 24H Wear Id\u00f4le Liner will provide the results you'll want to show off. With its ultra-precise felt tip and luminous black pigments, Id\u00f4le liner enables seamless application to the lash line for easy glide, one stroke application. The perfect liner even for beginners! Up to 24H waterproof wear and a flexible ultra slim felt tip gives bend when you need it. The ergonomic.","og_url":"https:\/\/mostincrediblevalue.com\/beauty\/index.php\/product\/idole-mascara-and-eyeliner-gift-set-53-value-sku217742255-2\/","og_site_name":"Health &amp; Beauty","article_modified_time":"2023-12-11T00:35:15+00:00","og_image":[{"width":1200,"height":1500,"url":"https:\/\/mostincrediblevalue.com\/beauty\/wp-content\/uploads\/2023\/11\/nm_4549147_100000_m.jpeg","type":"image\/jpeg"}],"twitter_card":"summary_large_image","schema":{"@context":"https:\/\/schema.org","@graph":[{"@type":"WebPage","@id":"https:\/\/mostincrediblevalue.com\/beauty\/index.php\/product\/idole-mascara-and-eyeliner-gift-set-53-value-sku217742255-2\/","url":"https:\/\/mostincrediblevalue.com\/beauty\/index.php\/product\/idole-mascara-and-eyeliner-gift-set-53-value-sku217742255-2\/","name":"Idole Mascara and Eyeliner Gift Set ($53 Value)","isPartOf":{"@id":"https:\/\/mostincrediblevalue.com\/beauty\/#website"},"primaryImageOfPage":{"@id":"https:\/\/mostincrediblevalue.com\/beauty\/index.php\/product\/idole-mascara-and-eyeliner-gift-set-53-value-sku217742255-2\/#primaryimage"},"image":{"@id":"https:\/\/mostincrediblevalue.com\/beauty\/index.php\/product\/idole-mascara-and-eyeliner-gift-set-53-value-sku217742255-2\/#primaryimage"},"thumbnailUrl":"https:\/\/mostincrediblevalue.com\/beauty\/wp-content\/uploads\/2023\/11\/nm_4549147_100000_m.jpeg","datePublished":"2023-11-26T01:53:18+00:00","dateModified":"2023-12-11T00:35:15+00:00","description":"Idole Mascara and Eyeliner Gift Set ($53 Value) - Full-size Id\u00f4le Liner, 0.22 oz. Full-size Lash Id\u00f4le Mascara Glossy Black, 0.27 oz. The 24H Wear Id\u00f4le Liner will provide the results you'll want to show off. With its ultra-precise felt tip and luminous black pigments, Id\u00f4le liner enables seamless application to the lash line for easy glide, one stroke application. The perfect liner even for beginners! Up to 24H waterproof wear and a flexible ultra slim felt tip gives bend when you need it. The ergonomic.","breadcrumb":{"@id":"https:\/\/mostincrediblevalue.com\/beauty\/index.php\/product\/idole-mascara-and-eyeliner-gift-set-53-value-sku217742255-2\/#breadcrumb"},"inLanguage":"en-US","potentialAction":[{"@type":"ReadAction","target":["https:\/\/mostincrediblevalue.com\/beauty\/index.php\/product\/idole-mascara-and-eyeliner-gift-set-53-value-sku217742255-2\/"]}]},{"@type":"ImageObject","inLanguage":"en-US","@id":"https:\/\/mostincrediblevalue.com\/beauty\/index.php\/product\/idole-mascara-and-eyeliner-gift-set-53-value-sku217742255-2\/#primaryimage","url":"https:\/\/mostincrediblevalue.com\/beauty\/wp-content\/uploads\/2023\/11\/nm_4549147_100000_m.jpeg","contentUrl":"https:\/\/mostincrediblevalue.com\/beauty\/wp-content\/uploads\/2023\/11\/nm_4549147_100000_m.jpeg","width":1200,"height":1500},{"@type":"BreadcrumbList","@id":"https:\/\/mostincrediblevalue.com\/beauty\/index.php\/product\/idole-mascara-and-eyeliner-gift-set-53-value-sku217742255-2\/#breadcrumb","itemListElement":[{"@type":"ListItem","position":1,"name":"Home","item":"https:\/\/mostincrediblevalue.com\/beauty\/"},{"@type":"ListItem","position":2,"name":"Shop","item":"https:\/\/mostincrediblevalue.com\/beauty\/"},{"@type":"ListItem","position":3,"name":"Idole Mascara and Eyeliner Gift Set ($53 Value)- sku217742255"}]},{"@type":"WebSite","@id":"https:\/\/mostincrediblevalue.com\/beauty\/#website","url":"https:\/\/mostincrediblevalue.com\/beauty\/","name":"Health &amp; Beauty","description":"","potentialAction":[{"@type":"SearchAction","target":{"@type":"EntryPoint","urlTemplate":"https:\/\/mostincrediblevalue.com\/beauty\/?s={search_term_string}"},"query-input":{"@type":"PropertyValueSpecification","valueRequired":true,"valueName":"search_term_string"}}],"inLanguage":"en-US"}]}},"_links":{"self":[{"href":"https:\/\/mostincrediblevalue.com\/beauty\/index.php\/wp-json\/wp\/v2\/product\/27231","targetHints":{"allow":["GET"]}}],"collection":[{"href":"https:\/\/mostincrediblevalue.com\/beauty\/index.php\/wp-json\/wp\/v2\/product"}],"about":[{"href":"https:\/\/mostincrediblevalue.com\/beauty\/index.php\/wp-json\/wp\/v2\/types\/product"}],"replies":[{"embeddable":true,"href":"https:\/\/mostincrediblevalue.com\/beauty\/index.php\/wp-json\/wp\/v2\/comments?post=27231"}],"wp:featuredmedia":[{"embeddable":true,"href":"https:\/\/mostincrediblevalue.com\/beauty\/index.php\/wp-json\/wp\/v2\/media\/27232"}],"wp:attachment":[{"href":"https:\/\/mostincrediblevalue.com\/beauty\/index.php\/wp-json\/wp\/v2\/media?parent=27231"}],"wp:term":[{"taxonomy":"product_brand","embeddable":true,"href":"https:\/\/mostincrediblevalue.com\/beauty\/index.php\/wp-json\/wp\/v2\/product_brand?post=27231"},{"taxonomy":"product_cat","embeddable":true,"href":"https:\/\/mostincrediblevalue.com\/beauty\/index.php\/wp-json\/wp\/v2\/product_cat?post=27231"},{"taxonomy":"product_tag","embeddable":true,"href":"https:\/\/mostincrediblevalue.com\/beauty\/index.php\/wp-json\/wp\/v2\/product_tag?post=27231"}],"curies":[{"name":"wp","href":"https:\/\/api.w.org\/{rel}","templated":true}]}}