{"id":27296,"date":"2023-11-26T01:55:39","date_gmt":"2023-11-26T01:55:39","guid":{"rendered":"https:\/\/mostincrediblevalue.com\/beauty\/index.php\/product\/phyto-levres-perfect-lipliner-sku182580904\/"},"modified":"2023-12-11T00:40:49","modified_gmt":"2023-12-11T00:40:49","slug":"phyto-levres-perfect-lipliner-sku182580904","status":"publish","type":"product","link":"https:\/\/mostincrediblevalue.com\/beauty\/index.php\/product\/phyto-levres-perfect-lipliner-sku182580904\/","title":{"rendered":"Phyto-L\u00e8vres Perfect Lipliner- sku182580904"},"content":{"rendered":"","protected":false},"excerpt":{"rendered":"<p>Sisley-Paris Phyto-L\u00e8vres Perfect Lipliner Phyto-L\u00e8vres Perfect is a firm, gentle, easy-glide lip pencil for simple and precise lip lining. Enriched with Kokum butter and phytosqualane, its formula nourishes, hydrates, and comforts lips. Aloe vera extract and Jojoba oil leave the lips smooth, soft, and supple. Its slick texture (with technology that combines softness, firmness, and comfort during application) promotes color adhesion and long-wear. Its brush allows for profession.<\/p>\n","protected":false},"featured_media":27297,"comment_status":"closed","ping_status":"closed","template":"","meta":[],"product_brand":[],"product_cat":[284,282,285,283],"product_tag":[192],"class_list":{"0":"post-27296","1":"product","2":"type-product","3":"status-publish","4":"has-post-thumbnail","6":"product_cat-cosmetics","7":"product_cat-health-beauty","8":"product_cat-makeup","9":"product_cat-personal-care","10":"product_tag-sisley-paris","12":"first","13":"instock","14":"product-type-external","15":"add-to-wishlist-after_add_to_cart"},"yoast_head":"<!-- This site is optimized with the Yoast SEO plugin v27.3 - https:\/\/yoast.com\/product\/yoast-seo-wordpress\/ -->\n<title>Phyto-L\u00e8vres Perfect Lipliner<\/title>\n<meta name=\"description\" content=\"Phyto-L\u00e8vres Perfect Lipliner - Sisley-Paris Phyto-L\u00e8vres Perfect Lipliner Phyto-L\u00e8vres Perfect is a firm, gentle, easy-glide lip pencil for simple and precise lip lining. Enriched with Kokum butter and phytosqualane, its formula nourishes, hydrates, and comforts lips. Aloe vera extract and Jojoba oil leave the lips smooth, soft, and supple. Its slick texture (with technology that combines softness, firmness, and comfort during application) promotes color adhesion and long-wear. Its brush allows for profession.\" \/>\n<meta name=\"robots\" content=\"index, follow, max-snippet:-1, max-image-preview:large, max-video-preview:-1\" \/>\n<link rel=\"canonical\" href=\"https:\/\/mostincrediblevalue.com\/beauty\/index.php\/product\/phyto-levres-perfect-lipliner-sku182580904\/\" \/>\n<meta property=\"og:locale\" content=\"en_US\" \/>\n<meta property=\"og:type\" content=\"article\" \/>\n<meta property=\"og:title\" content=\"Phyto-L\u00e8vres Perfect Lipliner\" \/>\n<meta property=\"og:description\" content=\"Phyto-L\u00e8vres Perfect Lipliner - Sisley-Paris Phyto-L\u00e8vres Perfect Lipliner Phyto-L\u00e8vres Perfect is a firm, gentle, easy-glide lip pencil for simple and precise lip lining. Enriched with Kokum butter and phytosqualane, its formula nourishes, hydrates, and comforts lips. Aloe vera extract and Jojoba oil leave the lips smooth, soft, and supple. Its slick texture (with technology that combines softness, firmness, and comfort during application) promotes color adhesion and long-wear. Its brush allows for profession.\" \/>\n<meta property=\"og:url\" content=\"https:\/\/mostincrediblevalue.com\/beauty\/index.php\/product\/phyto-levres-perfect-lipliner-sku182580904\/\" \/>\n<meta property=\"og:site_name\" content=\"Health &amp; Beauty\" \/>\n<meta property=\"article:modified_time\" content=\"2023-12-11T00:40:49+00:00\" \/>\n<meta property=\"og:image\" content=\"https:\/\/mostincrediblevalue.com\/beauty\/wp-content\/uploads\/2023\/11\/nm_2816217_100540_m.jpeg\" \/>\n\t<meta property=\"og:image:width\" content=\"1200\" \/>\n\t<meta property=\"og:image:height\" content=\"1500\" \/>\n\t<meta property=\"og:image:type\" content=\"image\/jpeg\" \/>\n<meta name=\"twitter:card\" content=\"summary_large_image\" \/>\n<script type=\"application\/ld+json\" class=\"yoast-schema-graph\">{\"@context\":\"https:\\\/\\\/schema.org\",\"@graph\":[{\"@type\":\"WebPage\",\"@id\":\"https:\\\/\\\/mostincrediblevalue.com\\\/beauty\\\/index.php\\\/product\\\/phyto-levres-perfect-lipliner-sku182580904\\\/\",\"url\":\"https:\\\/\\\/mostincrediblevalue.com\\\/beauty\\\/index.php\\\/product\\\/phyto-levres-perfect-lipliner-sku182580904\\\/\",\"name\":\"Phyto-L\u00e8vres Perfect Lipliner\",\"isPartOf\":{\"@id\":\"https:\\\/\\\/mostincrediblevalue.com\\\/beauty\\\/#website\"},\"primaryImageOfPage\":{\"@id\":\"https:\\\/\\\/mostincrediblevalue.com\\\/beauty\\\/index.php\\\/product\\\/phyto-levres-perfect-lipliner-sku182580904\\\/#primaryimage\"},\"image\":{\"@id\":\"https:\\\/\\\/mostincrediblevalue.com\\\/beauty\\\/index.php\\\/product\\\/phyto-levres-perfect-lipliner-sku182580904\\\/#primaryimage\"},\"thumbnailUrl\":\"https:\\\/\\\/mostincrediblevalue.com\\\/beauty\\\/wp-content\\\/uploads\\\/2023\\\/11\\\/nm_2816217_100540_m.jpeg\",\"datePublished\":\"2023-11-26T01:55:39+00:00\",\"dateModified\":\"2023-12-11T00:40:49+00:00\",\"description\":\"Phyto-L\u00e8vres Perfect Lipliner - Sisley-Paris Phyto-L\u00e8vres Perfect Lipliner Phyto-L\u00e8vres Perfect is a firm, gentle, easy-glide lip pencil for simple and precise lip lining. Enriched with Kokum butter and phytosqualane, its formula nourishes, hydrates, and comforts lips. Aloe vera extract and Jojoba oil leave the lips smooth, soft, and supple. Its slick texture (with technology that combines softness, firmness, and comfort during application) promotes color adhesion and long-wear. Its brush allows for profession.\",\"breadcrumb\":{\"@id\":\"https:\\\/\\\/mostincrediblevalue.com\\\/beauty\\\/index.php\\\/product\\\/phyto-levres-perfect-lipliner-sku182580904\\\/#breadcrumb\"},\"inLanguage\":\"en-US\",\"potentialAction\":[{\"@type\":\"ReadAction\",\"target\":[\"https:\\\/\\\/mostincrediblevalue.com\\\/beauty\\\/index.php\\\/product\\\/phyto-levres-perfect-lipliner-sku182580904\\\/\"]}]},{\"@type\":\"ImageObject\",\"inLanguage\":\"en-US\",\"@id\":\"https:\\\/\\\/mostincrediblevalue.com\\\/beauty\\\/index.php\\\/product\\\/phyto-levres-perfect-lipliner-sku182580904\\\/#primaryimage\",\"url\":\"https:\\\/\\\/mostincrediblevalue.com\\\/beauty\\\/wp-content\\\/uploads\\\/2023\\\/11\\\/nm_2816217_100540_m.jpeg\",\"contentUrl\":\"https:\\\/\\\/mostincrediblevalue.com\\\/beauty\\\/wp-content\\\/uploads\\\/2023\\\/11\\\/nm_2816217_100540_m.jpeg\",\"width\":1200,\"height\":1500},{\"@type\":\"BreadcrumbList\",\"@id\":\"https:\\\/\\\/mostincrediblevalue.com\\\/beauty\\\/index.php\\\/product\\\/phyto-levres-perfect-lipliner-sku182580904\\\/#breadcrumb\",\"itemListElement\":[{\"@type\":\"ListItem\",\"position\":1,\"name\":\"Home\",\"item\":\"https:\\\/\\\/mostincrediblevalue.com\\\/beauty\\\/\"},{\"@type\":\"ListItem\",\"position\":2,\"name\":\"Shop\",\"item\":\"https:\\\/\\\/mostincrediblevalue.com\\\/beauty\\\/\"},{\"@type\":\"ListItem\",\"position\":3,\"name\":\"Phyto-L\u00e8vres Perfect Lipliner- sku182580904\"}]},{\"@type\":\"WebSite\",\"@id\":\"https:\\\/\\\/mostincrediblevalue.com\\\/beauty\\\/#website\",\"url\":\"https:\\\/\\\/mostincrediblevalue.com\\\/beauty\\\/\",\"name\":\"Health &amp; Beauty\",\"description\":\"\",\"potentialAction\":[{\"@type\":\"SearchAction\",\"target\":{\"@type\":\"EntryPoint\",\"urlTemplate\":\"https:\\\/\\\/mostincrediblevalue.com\\\/beauty\\\/?s={search_term_string}\"},\"query-input\":{\"@type\":\"PropertyValueSpecification\",\"valueRequired\":true,\"valueName\":\"search_term_string\"}}],\"inLanguage\":\"en-US\"}]}<\/script>\n<!-- \/ Yoast SEO plugin. -->","yoast_head_json":{"title":"Phyto-L\u00e8vres Perfect Lipliner","description":"Phyto-L\u00e8vres Perfect Lipliner - Sisley-Paris Phyto-L\u00e8vres Perfect Lipliner Phyto-L\u00e8vres Perfect is a firm, gentle, easy-glide lip pencil for simple and precise lip lining. Enriched with Kokum butter and phytosqualane, its formula nourishes, hydrates, and comforts lips. Aloe vera extract and Jojoba oil leave the lips smooth, soft, and supple. Its slick texture (with technology that combines softness, firmness, and comfort during application) promotes color adhesion and long-wear. Its brush allows for profession.","robots":{"index":"index","follow":"follow","max-snippet":"max-snippet:-1","max-image-preview":"max-image-preview:large","max-video-preview":"max-video-preview:-1"},"canonical":"https:\/\/mostincrediblevalue.com\/beauty\/index.php\/product\/phyto-levres-perfect-lipliner-sku182580904\/","og_locale":"en_US","og_type":"article","og_title":"Phyto-L\u00e8vres Perfect Lipliner","og_description":"Phyto-L\u00e8vres Perfect Lipliner - Sisley-Paris Phyto-L\u00e8vres Perfect Lipliner Phyto-L\u00e8vres Perfect is a firm, gentle, easy-glide lip pencil for simple and precise lip lining. Enriched with Kokum butter and phytosqualane, its formula nourishes, hydrates, and comforts lips. Aloe vera extract and Jojoba oil leave the lips smooth, soft, and supple. Its slick texture (with technology that combines softness, firmness, and comfort during application) promotes color adhesion and long-wear. Its brush allows for profession.","og_url":"https:\/\/mostincrediblevalue.com\/beauty\/index.php\/product\/phyto-levres-perfect-lipliner-sku182580904\/","og_site_name":"Health &amp; Beauty","article_modified_time":"2023-12-11T00:40:49+00:00","og_image":[{"width":1200,"height":1500,"url":"https:\/\/mostincrediblevalue.com\/beauty\/wp-content\/uploads\/2023\/11\/nm_2816217_100540_m.jpeg","type":"image\/jpeg"}],"twitter_card":"summary_large_image","schema":{"@context":"https:\/\/schema.org","@graph":[{"@type":"WebPage","@id":"https:\/\/mostincrediblevalue.com\/beauty\/index.php\/product\/phyto-levres-perfect-lipliner-sku182580904\/","url":"https:\/\/mostincrediblevalue.com\/beauty\/index.php\/product\/phyto-levres-perfect-lipliner-sku182580904\/","name":"Phyto-L\u00e8vres Perfect Lipliner","isPartOf":{"@id":"https:\/\/mostincrediblevalue.com\/beauty\/#website"},"primaryImageOfPage":{"@id":"https:\/\/mostincrediblevalue.com\/beauty\/index.php\/product\/phyto-levres-perfect-lipliner-sku182580904\/#primaryimage"},"image":{"@id":"https:\/\/mostincrediblevalue.com\/beauty\/index.php\/product\/phyto-levres-perfect-lipliner-sku182580904\/#primaryimage"},"thumbnailUrl":"https:\/\/mostincrediblevalue.com\/beauty\/wp-content\/uploads\/2023\/11\/nm_2816217_100540_m.jpeg","datePublished":"2023-11-26T01:55:39+00:00","dateModified":"2023-12-11T00:40:49+00:00","description":"Phyto-L\u00e8vres Perfect Lipliner - Sisley-Paris Phyto-L\u00e8vres Perfect Lipliner Phyto-L\u00e8vres Perfect is a firm, gentle, easy-glide lip pencil for simple and precise lip lining. Enriched with Kokum butter and phytosqualane, its formula nourishes, hydrates, and comforts lips. Aloe vera extract and Jojoba oil leave the lips smooth, soft, and supple. Its slick texture (with technology that combines softness, firmness, and comfort during application) promotes color adhesion and long-wear. Its brush allows for profession.","breadcrumb":{"@id":"https:\/\/mostincrediblevalue.com\/beauty\/index.php\/product\/phyto-levres-perfect-lipliner-sku182580904\/#breadcrumb"},"inLanguage":"en-US","potentialAction":[{"@type":"ReadAction","target":["https:\/\/mostincrediblevalue.com\/beauty\/index.php\/product\/phyto-levres-perfect-lipliner-sku182580904\/"]}]},{"@type":"ImageObject","inLanguage":"en-US","@id":"https:\/\/mostincrediblevalue.com\/beauty\/index.php\/product\/phyto-levres-perfect-lipliner-sku182580904\/#primaryimage","url":"https:\/\/mostincrediblevalue.com\/beauty\/wp-content\/uploads\/2023\/11\/nm_2816217_100540_m.jpeg","contentUrl":"https:\/\/mostincrediblevalue.com\/beauty\/wp-content\/uploads\/2023\/11\/nm_2816217_100540_m.jpeg","width":1200,"height":1500},{"@type":"BreadcrumbList","@id":"https:\/\/mostincrediblevalue.com\/beauty\/index.php\/product\/phyto-levres-perfect-lipliner-sku182580904\/#breadcrumb","itemListElement":[{"@type":"ListItem","position":1,"name":"Home","item":"https:\/\/mostincrediblevalue.com\/beauty\/"},{"@type":"ListItem","position":2,"name":"Shop","item":"https:\/\/mostincrediblevalue.com\/beauty\/"},{"@type":"ListItem","position":3,"name":"Phyto-L\u00e8vres Perfect Lipliner- sku182580904"}]},{"@type":"WebSite","@id":"https:\/\/mostincrediblevalue.com\/beauty\/#website","url":"https:\/\/mostincrediblevalue.com\/beauty\/","name":"Health &amp; Beauty","description":"","potentialAction":[{"@type":"SearchAction","target":{"@type":"EntryPoint","urlTemplate":"https:\/\/mostincrediblevalue.com\/beauty\/?s={search_term_string}"},"query-input":{"@type":"PropertyValueSpecification","valueRequired":true,"valueName":"search_term_string"}}],"inLanguage":"en-US"}]}},"_links":{"self":[{"href":"https:\/\/mostincrediblevalue.com\/beauty\/index.php\/wp-json\/wp\/v2\/product\/27296","targetHints":{"allow":["GET"]}}],"collection":[{"href":"https:\/\/mostincrediblevalue.com\/beauty\/index.php\/wp-json\/wp\/v2\/product"}],"about":[{"href":"https:\/\/mostincrediblevalue.com\/beauty\/index.php\/wp-json\/wp\/v2\/types\/product"}],"replies":[{"embeddable":true,"href":"https:\/\/mostincrediblevalue.com\/beauty\/index.php\/wp-json\/wp\/v2\/comments?post=27296"}],"wp:featuredmedia":[{"embeddable":true,"href":"https:\/\/mostincrediblevalue.com\/beauty\/index.php\/wp-json\/wp\/v2\/media\/27297"}],"wp:attachment":[{"href":"https:\/\/mostincrediblevalue.com\/beauty\/index.php\/wp-json\/wp\/v2\/media?parent=27296"}],"wp:term":[{"taxonomy":"product_brand","embeddable":true,"href":"https:\/\/mostincrediblevalue.com\/beauty\/index.php\/wp-json\/wp\/v2\/product_brand?post=27296"},{"taxonomy":"product_cat","embeddable":true,"href":"https:\/\/mostincrediblevalue.com\/beauty\/index.php\/wp-json\/wp\/v2\/product_cat?post=27296"},{"taxonomy":"product_tag","embeddable":true,"href":"https:\/\/mostincrediblevalue.com\/beauty\/index.php\/wp-json\/wp\/v2\/product_tag?post=27296"}],"curies":[{"name":"wp","href":"https:\/\/api.w.org\/{rel}","templated":true}]}}