{"id":27329,"date":"2023-11-26T01:56:41","date_gmt":"2023-11-26T01:56:41","guid":{"rendered":"https:\/\/mostincrediblevalue.com\/beauty\/index.php\/product\/lor-de-vie-la-creme-1-7-oz-sku198900125-2\/"},"modified":"2023-11-26T01:56:42","modified_gmt":"2023-11-26T01:56:42","slug":"lor-de-vie-la-creme-1-7-oz-sku198900125-2","status":"publish","type":"product","link":"https:\/\/mostincrediblevalue.com\/beauty\/index.php\/product\/lor-de-vie-la-creme-1-7-oz-sku198900125-2\/","title":{"rendered":"L&#8217;Or de Vie La Creme, 1.7 oz- sku198900125"},"content":{"rendered":"","protected":false},"excerpt":{"rendered":"<p>Dior L&#8217;Or de Vie La Creme, 1.7 oz What It Is A skincare masterpiece reinvented. Twice as concentrated as the previous formula, Yquem sap is infused into the heart of the new L&#8217;Or de Vie La Cr\u00e8me formula. Skin longevity is dramatically improved. What It Does A true feat of formulation, the new L&#8217;Or de Vie La Cr\u00e8me is twice as concentrated in Yquem sap as the previous formula. Offering comfort and effectiveness, L&#8217;Or de Vie La Cr\u00e8me helps boost skin longevity t.<\/p>\n","protected":false},"featured_media":27330,"comment_status":"closed","ping_status":"closed","template":"","meta":[],"product_brand":[],"product_cat":[296,284,282,283,297],"product_tag":[180],"class_list":{"0":"post-27329","1":"product","2":"type-product","3":"status-publish","4":"has-post-thumbnail","6":"product_cat-cosmetic-tools","7":"product_cat-cosmetics","8":"product_cat-health-beauty","9":"product_cat-personal-care","10":"product_cat-skin-care-tools","11":"product_tag-dior","13":"first","14":"instock","15":"product-type-external","16":"add-to-wishlist-after_add_to_cart"},"yoast_head":"<!-- This site is optimized with the Yoast SEO plugin v27.3 - https:\/\/yoast.com\/product\/yoast-seo-wordpress\/ -->\n<title>L&#039;Or de Vie La Creme, 1.7 oz<\/title>\n<meta name=\"description\" content=\"L&#039;Or de Vie La Creme, 1.7 oz - Dior L&#039;Or de Vie La Creme, 1.7 oz What It Is A skincare masterpiece reinvented. Twice as concentrated as the previous formula, Yquem sap is infused into the heart of the new L&#039;Or de Vie La Cr\u00e8me formula. Skin longevity is dramatically improved. What It Does A true feat of formulation, the new L&#039;Or de Vie La Cr\u00e8me is twice as concentrated in Yquem sap as the previous formula. Offering comfort and effectiveness, L&#039;Or de Vie La Cr\u00e8me helps boost skin longevity t.\" \/>\n<meta name=\"robots\" content=\"index, follow, max-snippet:-1, max-image-preview:large, max-video-preview:-1\" \/>\n<link rel=\"canonical\" href=\"https:\/\/mostincrediblevalue.com\/beauty\/index.php\/product\/lor-de-vie-la-creme-1-7-oz-sku198900125-2\/\" \/>\n<meta property=\"og:locale\" content=\"en_US\" \/>\n<meta property=\"og:type\" content=\"article\" \/>\n<meta property=\"og:title\" content=\"L&#039;Or de Vie La Creme, 1.7 oz\" \/>\n<meta property=\"og:description\" content=\"L&#039;Or de Vie La Creme, 1.7 oz - Dior L&#039;Or de Vie La Creme, 1.7 oz What It Is A skincare masterpiece reinvented. Twice as concentrated as the previous formula, Yquem sap is infused into the heart of the new L&#039;Or de Vie La Cr\u00e8me formula. Skin longevity is dramatically improved. What It Does A true feat of formulation, the new L&#039;Or de Vie La Cr\u00e8me is twice as concentrated in Yquem sap as the previous formula. Offering comfort and effectiveness, L&#039;Or de Vie La Cr\u00e8me helps boost skin longevity t.\" \/>\n<meta property=\"og:url\" content=\"https:\/\/mostincrediblevalue.com\/beauty\/index.php\/product\/lor-de-vie-la-creme-1-7-oz-sku198900125-2\/\" \/>\n<meta property=\"og:site_name\" content=\"Health &amp; Beauty\" \/>\n<meta property=\"article:modified_time\" content=\"2023-11-26T01:56:42+00:00\" \/>\n<meta property=\"og:image\" content=\"https:\/\/mostincrediblevalue.com\/beauty\/wp-content\/uploads\/2023\/11\/nm_3738600_100000_m.jpeg\" \/>\n\t<meta property=\"og:image:width\" content=\"1200\" \/>\n\t<meta property=\"og:image:height\" content=\"1500\" \/>\n\t<meta property=\"og:image:type\" content=\"image\/jpeg\" \/>\n<meta name=\"twitter:card\" content=\"summary_large_image\" \/>\n<script type=\"application\/ld+json\" class=\"yoast-schema-graph\">{\"@context\":\"https:\\\/\\\/schema.org\",\"@graph\":[{\"@type\":\"WebPage\",\"@id\":\"https:\\\/\\\/mostincrediblevalue.com\\\/beauty\\\/index.php\\\/product\\\/lor-de-vie-la-creme-1-7-oz-sku198900125-2\\\/\",\"url\":\"https:\\\/\\\/mostincrediblevalue.com\\\/beauty\\\/index.php\\\/product\\\/lor-de-vie-la-creme-1-7-oz-sku198900125-2\\\/\",\"name\":\"L'Or de Vie La Creme, 1.7 oz\",\"isPartOf\":{\"@id\":\"https:\\\/\\\/mostincrediblevalue.com\\\/beauty\\\/#website\"},\"primaryImageOfPage\":{\"@id\":\"https:\\\/\\\/mostincrediblevalue.com\\\/beauty\\\/index.php\\\/product\\\/lor-de-vie-la-creme-1-7-oz-sku198900125-2\\\/#primaryimage\"},\"image\":{\"@id\":\"https:\\\/\\\/mostincrediblevalue.com\\\/beauty\\\/index.php\\\/product\\\/lor-de-vie-la-creme-1-7-oz-sku198900125-2\\\/#primaryimage\"},\"thumbnailUrl\":\"https:\\\/\\\/mostincrediblevalue.com\\\/beauty\\\/wp-content\\\/uploads\\\/2023\\\/11\\\/nm_3738600_100000_m.jpeg\",\"datePublished\":\"2023-11-26T01:56:41+00:00\",\"dateModified\":\"2023-11-26T01:56:42+00:00\",\"description\":\"L'Or de Vie La Creme, 1.7 oz - Dior L'Or de Vie La Creme, 1.7 oz What It Is A skincare masterpiece reinvented. Twice as concentrated as the previous formula, Yquem sap is infused into the heart of the new L'Or de Vie La Cr\u00e8me formula. Skin longevity is dramatically improved. What It Does A true feat of formulation, the new L'Or de Vie La Cr\u00e8me is twice as concentrated in Yquem sap as the previous formula. Offering comfort and effectiveness, L'Or de Vie La Cr\u00e8me helps boost skin longevity t.\",\"breadcrumb\":{\"@id\":\"https:\\\/\\\/mostincrediblevalue.com\\\/beauty\\\/index.php\\\/product\\\/lor-de-vie-la-creme-1-7-oz-sku198900125-2\\\/#breadcrumb\"},\"inLanguage\":\"en-US\",\"potentialAction\":[{\"@type\":\"ReadAction\",\"target\":[\"https:\\\/\\\/mostincrediblevalue.com\\\/beauty\\\/index.php\\\/product\\\/lor-de-vie-la-creme-1-7-oz-sku198900125-2\\\/\"]}]},{\"@type\":\"ImageObject\",\"inLanguage\":\"en-US\",\"@id\":\"https:\\\/\\\/mostincrediblevalue.com\\\/beauty\\\/index.php\\\/product\\\/lor-de-vie-la-creme-1-7-oz-sku198900125-2\\\/#primaryimage\",\"url\":\"https:\\\/\\\/mostincrediblevalue.com\\\/beauty\\\/wp-content\\\/uploads\\\/2023\\\/11\\\/nm_3738600_100000_m.jpeg\",\"contentUrl\":\"https:\\\/\\\/mostincrediblevalue.com\\\/beauty\\\/wp-content\\\/uploads\\\/2023\\\/11\\\/nm_3738600_100000_m.jpeg\",\"width\":1200,\"height\":1500},{\"@type\":\"BreadcrumbList\",\"@id\":\"https:\\\/\\\/mostincrediblevalue.com\\\/beauty\\\/index.php\\\/product\\\/lor-de-vie-la-creme-1-7-oz-sku198900125-2\\\/#breadcrumb\",\"itemListElement\":[{\"@type\":\"ListItem\",\"position\":1,\"name\":\"Home\",\"item\":\"https:\\\/\\\/mostincrediblevalue.com\\\/beauty\\\/\"},{\"@type\":\"ListItem\",\"position\":2,\"name\":\"Shop\",\"item\":\"https:\\\/\\\/mostincrediblevalue.com\\\/beauty\\\/\"},{\"@type\":\"ListItem\",\"position\":3,\"name\":\"L&#8217;Or de Vie La Creme, 1.7 oz- sku198900125\"}]},{\"@type\":\"WebSite\",\"@id\":\"https:\\\/\\\/mostincrediblevalue.com\\\/beauty\\\/#website\",\"url\":\"https:\\\/\\\/mostincrediblevalue.com\\\/beauty\\\/\",\"name\":\"Health &amp; Beauty\",\"description\":\"\",\"potentialAction\":[{\"@type\":\"SearchAction\",\"target\":{\"@type\":\"EntryPoint\",\"urlTemplate\":\"https:\\\/\\\/mostincrediblevalue.com\\\/beauty\\\/?s={search_term_string}\"},\"query-input\":{\"@type\":\"PropertyValueSpecification\",\"valueRequired\":true,\"valueName\":\"search_term_string\"}}],\"inLanguage\":\"en-US\"}]}<\/script>\n<!-- \/ Yoast SEO plugin. -->","yoast_head_json":{"title":"L'Or de Vie La Creme, 1.7 oz","description":"L'Or de Vie La Creme, 1.7 oz - Dior L'Or de Vie La Creme, 1.7 oz What It Is A skincare masterpiece reinvented. Twice as concentrated as the previous formula, Yquem sap is infused into the heart of the new L'Or de Vie La Cr\u00e8me formula. Skin longevity is dramatically improved. What It Does A true feat of formulation, the new L'Or de Vie La Cr\u00e8me is twice as concentrated in Yquem sap as the previous formula. Offering comfort and effectiveness, L'Or de Vie La Cr\u00e8me helps boost skin longevity t.","robots":{"index":"index","follow":"follow","max-snippet":"max-snippet:-1","max-image-preview":"max-image-preview:large","max-video-preview":"max-video-preview:-1"},"canonical":"https:\/\/mostincrediblevalue.com\/beauty\/index.php\/product\/lor-de-vie-la-creme-1-7-oz-sku198900125-2\/","og_locale":"en_US","og_type":"article","og_title":"L'Or de Vie La Creme, 1.7 oz","og_description":"L'Or de Vie La Creme, 1.7 oz - Dior L'Or de Vie La Creme, 1.7 oz What It Is A skincare masterpiece reinvented. Twice as concentrated as the previous formula, Yquem sap is infused into the heart of the new L'Or de Vie La Cr\u00e8me formula. Skin longevity is dramatically improved. What It Does A true feat of formulation, the new L'Or de Vie La Cr\u00e8me is twice as concentrated in Yquem sap as the previous formula. Offering comfort and effectiveness, L'Or de Vie La Cr\u00e8me helps boost skin longevity t.","og_url":"https:\/\/mostincrediblevalue.com\/beauty\/index.php\/product\/lor-de-vie-la-creme-1-7-oz-sku198900125-2\/","og_site_name":"Health &amp; Beauty","article_modified_time":"2023-11-26T01:56:42+00:00","og_image":[{"width":1200,"height":1500,"url":"https:\/\/mostincrediblevalue.com\/beauty\/wp-content\/uploads\/2023\/11\/nm_3738600_100000_m.jpeg","type":"image\/jpeg"}],"twitter_card":"summary_large_image","schema":{"@context":"https:\/\/schema.org","@graph":[{"@type":"WebPage","@id":"https:\/\/mostincrediblevalue.com\/beauty\/index.php\/product\/lor-de-vie-la-creme-1-7-oz-sku198900125-2\/","url":"https:\/\/mostincrediblevalue.com\/beauty\/index.php\/product\/lor-de-vie-la-creme-1-7-oz-sku198900125-2\/","name":"L'Or de Vie La Creme, 1.7 oz","isPartOf":{"@id":"https:\/\/mostincrediblevalue.com\/beauty\/#website"},"primaryImageOfPage":{"@id":"https:\/\/mostincrediblevalue.com\/beauty\/index.php\/product\/lor-de-vie-la-creme-1-7-oz-sku198900125-2\/#primaryimage"},"image":{"@id":"https:\/\/mostincrediblevalue.com\/beauty\/index.php\/product\/lor-de-vie-la-creme-1-7-oz-sku198900125-2\/#primaryimage"},"thumbnailUrl":"https:\/\/mostincrediblevalue.com\/beauty\/wp-content\/uploads\/2023\/11\/nm_3738600_100000_m.jpeg","datePublished":"2023-11-26T01:56:41+00:00","dateModified":"2023-11-26T01:56:42+00:00","description":"L'Or de Vie La Creme, 1.7 oz - Dior L'Or de Vie La Creme, 1.7 oz What It Is A skincare masterpiece reinvented. Twice as concentrated as the previous formula, Yquem sap is infused into the heart of the new L'Or de Vie La Cr\u00e8me formula. Skin longevity is dramatically improved. What It Does A true feat of formulation, the new L'Or de Vie La Cr\u00e8me is twice as concentrated in Yquem sap as the previous formula. Offering comfort and effectiveness, L'Or de Vie La Cr\u00e8me helps boost skin longevity t.","breadcrumb":{"@id":"https:\/\/mostincrediblevalue.com\/beauty\/index.php\/product\/lor-de-vie-la-creme-1-7-oz-sku198900125-2\/#breadcrumb"},"inLanguage":"en-US","potentialAction":[{"@type":"ReadAction","target":["https:\/\/mostincrediblevalue.com\/beauty\/index.php\/product\/lor-de-vie-la-creme-1-7-oz-sku198900125-2\/"]}]},{"@type":"ImageObject","inLanguage":"en-US","@id":"https:\/\/mostincrediblevalue.com\/beauty\/index.php\/product\/lor-de-vie-la-creme-1-7-oz-sku198900125-2\/#primaryimage","url":"https:\/\/mostincrediblevalue.com\/beauty\/wp-content\/uploads\/2023\/11\/nm_3738600_100000_m.jpeg","contentUrl":"https:\/\/mostincrediblevalue.com\/beauty\/wp-content\/uploads\/2023\/11\/nm_3738600_100000_m.jpeg","width":1200,"height":1500},{"@type":"BreadcrumbList","@id":"https:\/\/mostincrediblevalue.com\/beauty\/index.php\/product\/lor-de-vie-la-creme-1-7-oz-sku198900125-2\/#breadcrumb","itemListElement":[{"@type":"ListItem","position":1,"name":"Home","item":"https:\/\/mostincrediblevalue.com\/beauty\/"},{"@type":"ListItem","position":2,"name":"Shop","item":"https:\/\/mostincrediblevalue.com\/beauty\/"},{"@type":"ListItem","position":3,"name":"L&#8217;Or de Vie La Creme, 1.7 oz- sku198900125"}]},{"@type":"WebSite","@id":"https:\/\/mostincrediblevalue.com\/beauty\/#website","url":"https:\/\/mostincrediblevalue.com\/beauty\/","name":"Health &amp; Beauty","description":"","potentialAction":[{"@type":"SearchAction","target":{"@type":"EntryPoint","urlTemplate":"https:\/\/mostincrediblevalue.com\/beauty\/?s={search_term_string}"},"query-input":{"@type":"PropertyValueSpecification","valueRequired":true,"valueName":"search_term_string"}}],"inLanguage":"en-US"}]}},"_links":{"self":[{"href":"https:\/\/mostincrediblevalue.com\/beauty\/index.php\/wp-json\/wp\/v2\/product\/27329","targetHints":{"allow":["GET"]}}],"collection":[{"href":"https:\/\/mostincrediblevalue.com\/beauty\/index.php\/wp-json\/wp\/v2\/product"}],"about":[{"href":"https:\/\/mostincrediblevalue.com\/beauty\/index.php\/wp-json\/wp\/v2\/types\/product"}],"replies":[{"embeddable":true,"href":"https:\/\/mostincrediblevalue.com\/beauty\/index.php\/wp-json\/wp\/v2\/comments?post=27329"}],"wp:featuredmedia":[{"embeddable":true,"href":"https:\/\/mostincrediblevalue.com\/beauty\/index.php\/wp-json\/wp\/v2\/media\/27330"}],"wp:attachment":[{"href":"https:\/\/mostincrediblevalue.com\/beauty\/index.php\/wp-json\/wp\/v2\/media?parent=27329"}],"wp:term":[{"taxonomy":"product_brand","embeddable":true,"href":"https:\/\/mostincrediblevalue.com\/beauty\/index.php\/wp-json\/wp\/v2\/product_brand?post=27329"},{"taxonomy":"product_cat","embeddable":true,"href":"https:\/\/mostincrediblevalue.com\/beauty\/index.php\/wp-json\/wp\/v2\/product_cat?post=27329"},{"taxonomy":"product_tag","embeddable":true,"href":"https:\/\/mostincrediblevalue.com\/beauty\/index.php\/wp-json\/wp\/v2\/product_tag?post=27329"}],"curies":[{"name":"wp","href":"https:\/\/api.w.org\/{rel}","templated":true}]}}