{"id":30304,"date":"2023-11-26T05:03:09","date_gmt":"2023-11-26T05:03:09","guid":{"rendered":"https:\/\/mostincrediblevalue.com\/beauty\/index.php\/product\/1-7-oz-peony-blush-suede-body-creme-sku177020618\/"},"modified":"2023-11-26T05:03:09","modified_gmt":"2023-11-26T05:03:09","slug":"1-7-oz-peony-blush-suede-body-creme-sku177020618","status":"publish","type":"product","link":"https:\/\/mostincrediblevalue.com\/beauty\/index.php\/product\/1-7-oz-peony-blush-suede-body-creme-sku177020618\/","title":{"rendered":"1.7 oz. Peony &#038; Blush Suede Body Cr\u00e8me- sku177020618"},"content":{"rendered":"","protected":false},"excerpt":{"rendered":"<p>Jo Malone London 1.7 oz. Peony &#038; Blush Suede Body Crme Indulge in the richness of our Peony &#038; Blush Suede Body Cr\u00e8me. Its natural origin conditioning seed oils of jojoba and sweet almond, along with cocoa butter, help to moisturise and nourish the skin, while the flirtatious floral Jo Malone London fragrance leaves your body scented all over. Use after a bath or shower for an indulgent finishing touch to your relaxation ritual. Infused with the fragrance of peonies in voluptu.<\/p>\n","protected":false},"featured_media":30305,"comment_status":"closed","ping_status":"closed","template":"","meta":[],"product_brand":[],"product_cat":[286,282],"product_tag":[265],"class_list":{"0":"post-30304","1":"product","2":"type-product","3":"status-publish","4":"has-post-thumbnail","6":"product_cat-bath-body","7":"product_cat-health-beauty","8":"product_tag-jo-malone-london","10":"first","11":"instock","12":"product-type-external","13":"add-to-wishlist-after_add_to_cart"},"yoast_head":"<!-- This site is optimized with the Yoast SEO plugin v27.4 - https:\/\/yoast.com\/product\/yoast-seo-wordpress\/ -->\n<title>1.7 oz. Peony &amp; Blush Suede Body Cr\u00e8me<\/title>\n<meta name=\"description\" content=\"1.7 oz. Peony &amp; Blush Suede Body Cr\u00e8me - Jo Malone London 1.7 oz. Peony &amp; Blush Suede Body Crme Indulge in the richness of our Peony &amp; Blush Suede Body Cr\u00e8me. Its natural origin conditioning seed oils of jojoba and sweet almond, along with cocoa butter, help to moisturise and nourish the skin, while the flirtatious floral Jo Malone London fragrance leaves your body scented all over. Use after a bath or shower for an indulgent finishing touch to your relaxation ritual. Infused with the fragrance of peonies in voluptu.\" \/>\n<meta name=\"robots\" content=\"index, follow, max-snippet:-1, max-image-preview:large, max-video-preview:-1\" \/>\n<link rel=\"canonical\" href=\"https:\/\/mostincrediblevalue.com\/beauty\/index.php\/product\/1-7-oz-peony-blush-suede-body-creme-sku177020618\/\" \/>\n<meta property=\"og:locale\" content=\"en_US\" \/>\n<meta property=\"og:type\" content=\"article\" \/>\n<meta property=\"og:title\" content=\"1.7 oz. Peony &amp; Blush Suede Body Cr\u00e8me\" \/>\n<meta property=\"og:description\" content=\"1.7 oz. Peony &amp; Blush Suede Body Cr\u00e8me - Jo Malone London 1.7 oz. Peony &amp; Blush Suede Body Crme Indulge in the richness of our Peony &amp; Blush Suede Body Cr\u00e8me. Its natural origin conditioning seed oils of jojoba and sweet almond, along with cocoa butter, help to moisturise and nourish the skin, while the flirtatious floral Jo Malone London fragrance leaves your body scented all over. Use after a bath or shower for an indulgent finishing touch to your relaxation ritual. Infused with the fragrance of peonies in voluptu.\" \/>\n<meta property=\"og:url\" content=\"https:\/\/mostincrediblevalue.com\/beauty\/index.php\/product\/1-7-oz-peony-blush-suede-body-creme-sku177020618\/\" \/>\n<meta property=\"og:site_name\" content=\"Health &amp; Beauty\" \/>\n<meta property=\"og:image\" content=\"https:\/\/mostincrediblevalue.com\/beauty\/wp-content\/uploads\/2023\/11\/nm_2505352_100000_m.jpeg\" \/>\n\t<meta property=\"og:image:width\" content=\"1200\" \/>\n\t<meta property=\"og:image:height\" content=\"1500\" \/>\n\t<meta property=\"og:image:type\" content=\"image\/jpeg\" \/>\n<meta name=\"twitter:card\" content=\"summary_large_image\" \/>\n<script type=\"application\/ld+json\" class=\"yoast-schema-graph\">{\"@context\":\"https:\\\/\\\/schema.org\",\"@graph\":[{\"@type\":\"WebPage\",\"@id\":\"https:\\\/\\\/mostincrediblevalue.com\\\/beauty\\\/index.php\\\/product\\\/1-7-oz-peony-blush-suede-body-creme-sku177020618\\\/\",\"url\":\"https:\\\/\\\/mostincrediblevalue.com\\\/beauty\\\/index.php\\\/product\\\/1-7-oz-peony-blush-suede-body-creme-sku177020618\\\/\",\"name\":\"1.7 oz. Peony & Blush Suede Body Cr\u00e8me\",\"isPartOf\":{\"@id\":\"https:\\\/\\\/mostincrediblevalue.com\\\/beauty\\\/#website\"},\"primaryImageOfPage\":{\"@id\":\"https:\\\/\\\/mostincrediblevalue.com\\\/beauty\\\/index.php\\\/product\\\/1-7-oz-peony-blush-suede-body-creme-sku177020618\\\/#primaryimage\"},\"image\":{\"@id\":\"https:\\\/\\\/mostincrediblevalue.com\\\/beauty\\\/index.php\\\/product\\\/1-7-oz-peony-blush-suede-body-creme-sku177020618\\\/#primaryimage\"},\"thumbnailUrl\":\"https:\\\/\\\/mostincrediblevalue.com\\\/beauty\\\/wp-content\\\/uploads\\\/2023\\\/11\\\/nm_2505352_100000_m.jpeg\",\"datePublished\":\"2023-11-26T05:03:09+00:00\",\"description\":\"1.7 oz. Peony & Blush Suede Body Cr\u00e8me - Jo Malone London 1.7 oz. Peony & Blush Suede Body Crme Indulge in the richness of our Peony & Blush Suede Body Cr\u00e8me. Its natural origin conditioning seed oils of jojoba and sweet almond, along with cocoa butter, help to moisturise and nourish the skin, while the flirtatious floral Jo Malone London fragrance leaves your body scented all over. Use after a bath or shower for an indulgent finishing touch to your relaxation ritual. Infused with the fragrance of peonies in voluptu.\",\"breadcrumb\":{\"@id\":\"https:\\\/\\\/mostincrediblevalue.com\\\/beauty\\\/index.php\\\/product\\\/1-7-oz-peony-blush-suede-body-creme-sku177020618\\\/#breadcrumb\"},\"inLanguage\":\"en-US\",\"potentialAction\":[{\"@type\":\"ReadAction\",\"target\":[\"https:\\\/\\\/mostincrediblevalue.com\\\/beauty\\\/index.php\\\/product\\\/1-7-oz-peony-blush-suede-body-creme-sku177020618\\\/\"]}]},{\"@type\":\"ImageObject\",\"inLanguage\":\"en-US\",\"@id\":\"https:\\\/\\\/mostincrediblevalue.com\\\/beauty\\\/index.php\\\/product\\\/1-7-oz-peony-blush-suede-body-creme-sku177020618\\\/#primaryimage\",\"url\":\"https:\\\/\\\/mostincrediblevalue.com\\\/beauty\\\/wp-content\\\/uploads\\\/2023\\\/11\\\/nm_2505352_100000_m.jpeg\",\"contentUrl\":\"https:\\\/\\\/mostincrediblevalue.com\\\/beauty\\\/wp-content\\\/uploads\\\/2023\\\/11\\\/nm_2505352_100000_m.jpeg\",\"width\":1200,\"height\":1500},{\"@type\":\"BreadcrumbList\",\"@id\":\"https:\\\/\\\/mostincrediblevalue.com\\\/beauty\\\/index.php\\\/product\\\/1-7-oz-peony-blush-suede-body-creme-sku177020618\\\/#breadcrumb\",\"itemListElement\":[{\"@type\":\"ListItem\",\"position\":1,\"name\":\"Home\",\"item\":\"https:\\\/\\\/mostincrediblevalue.com\\\/beauty\\\/\"},{\"@type\":\"ListItem\",\"position\":2,\"name\":\"Shop\",\"item\":\"https:\\\/\\\/mostincrediblevalue.com\\\/beauty\\\/\"},{\"@type\":\"ListItem\",\"position\":3,\"name\":\"1.7 oz. Peony &#038; Blush Suede Body Cr\u00e8me- sku177020618\"}]},{\"@type\":\"WebSite\",\"@id\":\"https:\\\/\\\/mostincrediblevalue.com\\\/beauty\\\/#website\",\"url\":\"https:\\\/\\\/mostincrediblevalue.com\\\/beauty\\\/\",\"name\":\"Health &amp; Beauty\",\"description\":\"\",\"potentialAction\":[{\"@type\":\"SearchAction\",\"target\":{\"@type\":\"EntryPoint\",\"urlTemplate\":\"https:\\\/\\\/mostincrediblevalue.com\\\/beauty\\\/?s={search_term_string}\"},\"query-input\":{\"@type\":\"PropertyValueSpecification\",\"valueRequired\":true,\"valueName\":\"search_term_string\"}}],\"inLanguage\":\"en-US\"}]}<\/script>\n<!-- \/ Yoast SEO plugin. -->","yoast_head_json":{"title":"1.7 oz. Peony & Blush Suede Body Cr\u00e8me","description":"1.7 oz. Peony & Blush Suede Body Cr\u00e8me - Jo Malone London 1.7 oz. Peony & Blush Suede Body Crme Indulge in the richness of our Peony & Blush Suede Body Cr\u00e8me. Its natural origin conditioning seed oils of jojoba and sweet almond, along with cocoa butter, help to moisturise and nourish the skin, while the flirtatious floral Jo Malone London fragrance leaves your body scented all over. Use after a bath or shower for an indulgent finishing touch to your relaxation ritual. Infused with the fragrance of peonies in voluptu.","robots":{"index":"index","follow":"follow","max-snippet":"max-snippet:-1","max-image-preview":"max-image-preview:large","max-video-preview":"max-video-preview:-1"},"canonical":"https:\/\/mostincrediblevalue.com\/beauty\/index.php\/product\/1-7-oz-peony-blush-suede-body-creme-sku177020618\/","og_locale":"en_US","og_type":"article","og_title":"1.7 oz. Peony & Blush Suede Body Cr\u00e8me","og_description":"1.7 oz. Peony & Blush Suede Body Cr\u00e8me - Jo Malone London 1.7 oz. Peony & Blush Suede Body Crme Indulge in the richness of our Peony & Blush Suede Body Cr\u00e8me. Its natural origin conditioning seed oils of jojoba and sweet almond, along with cocoa butter, help to moisturise and nourish the skin, while the flirtatious floral Jo Malone London fragrance leaves your body scented all over. Use after a bath or shower for an indulgent finishing touch to your relaxation ritual. Infused with the fragrance of peonies in voluptu.","og_url":"https:\/\/mostincrediblevalue.com\/beauty\/index.php\/product\/1-7-oz-peony-blush-suede-body-creme-sku177020618\/","og_site_name":"Health &amp; Beauty","og_image":[{"width":1200,"height":1500,"url":"https:\/\/mostincrediblevalue.com\/beauty\/wp-content\/uploads\/2023\/11\/nm_2505352_100000_m.jpeg","type":"image\/jpeg"}],"twitter_card":"summary_large_image","schema":{"@context":"https:\/\/schema.org","@graph":[{"@type":"WebPage","@id":"https:\/\/mostincrediblevalue.com\/beauty\/index.php\/product\/1-7-oz-peony-blush-suede-body-creme-sku177020618\/","url":"https:\/\/mostincrediblevalue.com\/beauty\/index.php\/product\/1-7-oz-peony-blush-suede-body-creme-sku177020618\/","name":"1.7 oz. Peony & Blush Suede Body Cr\u00e8me","isPartOf":{"@id":"https:\/\/mostincrediblevalue.com\/beauty\/#website"},"primaryImageOfPage":{"@id":"https:\/\/mostincrediblevalue.com\/beauty\/index.php\/product\/1-7-oz-peony-blush-suede-body-creme-sku177020618\/#primaryimage"},"image":{"@id":"https:\/\/mostincrediblevalue.com\/beauty\/index.php\/product\/1-7-oz-peony-blush-suede-body-creme-sku177020618\/#primaryimage"},"thumbnailUrl":"https:\/\/mostincrediblevalue.com\/beauty\/wp-content\/uploads\/2023\/11\/nm_2505352_100000_m.jpeg","datePublished":"2023-11-26T05:03:09+00:00","description":"1.7 oz. Peony & Blush Suede Body Cr\u00e8me - Jo Malone London 1.7 oz. Peony & Blush Suede Body Crme Indulge in the richness of our Peony & Blush Suede Body Cr\u00e8me. Its natural origin conditioning seed oils of jojoba and sweet almond, along with cocoa butter, help to moisturise and nourish the skin, while the flirtatious floral Jo Malone London fragrance leaves your body scented all over. Use after a bath or shower for an indulgent finishing touch to your relaxation ritual. Infused with the fragrance of peonies in voluptu.","breadcrumb":{"@id":"https:\/\/mostincrediblevalue.com\/beauty\/index.php\/product\/1-7-oz-peony-blush-suede-body-creme-sku177020618\/#breadcrumb"},"inLanguage":"en-US","potentialAction":[{"@type":"ReadAction","target":["https:\/\/mostincrediblevalue.com\/beauty\/index.php\/product\/1-7-oz-peony-blush-suede-body-creme-sku177020618\/"]}]},{"@type":"ImageObject","inLanguage":"en-US","@id":"https:\/\/mostincrediblevalue.com\/beauty\/index.php\/product\/1-7-oz-peony-blush-suede-body-creme-sku177020618\/#primaryimage","url":"https:\/\/mostincrediblevalue.com\/beauty\/wp-content\/uploads\/2023\/11\/nm_2505352_100000_m.jpeg","contentUrl":"https:\/\/mostincrediblevalue.com\/beauty\/wp-content\/uploads\/2023\/11\/nm_2505352_100000_m.jpeg","width":1200,"height":1500},{"@type":"BreadcrumbList","@id":"https:\/\/mostincrediblevalue.com\/beauty\/index.php\/product\/1-7-oz-peony-blush-suede-body-creme-sku177020618\/#breadcrumb","itemListElement":[{"@type":"ListItem","position":1,"name":"Home","item":"https:\/\/mostincrediblevalue.com\/beauty\/"},{"@type":"ListItem","position":2,"name":"Shop","item":"https:\/\/mostincrediblevalue.com\/beauty\/"},{"@type":"ListItem","position":3,"name":"1.7 oz. Peony &#038; Blush Suede Body Cr\u00e8me- sku177020618"}]},{"@type":"WebSite","@id":"https:\/\/mostincrediblevalue.com\/beauty\/#website","url":"https:\/\/mostincrediblevalue.com\/beauty\/","name":"Health &amp; Beauty","description":"","potentialAction":[{"@type":"SearchAction","target":{"@type":"EntryPoint","urlTemplate":"https:\/\/mostincrediblevalue.com\/beauty\/?s={search_term_string}"},"query-input":{"@type":"PropertyValueSpecification","valueRequired":true,"valueName":"search_term_string"}}],"inLanguage":"en-US"}]}},"_links":{"self":[{"href":"https:\/\/mostincrediblevalue.com\/beauty\/index.php\/wp-json\/wp\/v2\/product\/30304","targetHints":{"allow":["GET"]}}],"collection":[{"href":"https:\/\/mostincrediblevalue.com\/beauty\/index.php\/wp-json\/wp\/v2\/product"}],"about":[{"href":"https:\/\/mostincrediblevalue.com\/beauty\/index.php\/wp-json\/wp\/v2\/types\/product"}],"replies":[{"embeddable":true,"href":"https:\/\/mostincrediblevalue.com\/beauty\/index.php\/wp-json\/wp\/v2\/comments?post=30304"}],"wp:featuredmedia":[{"embeddable":true,"href":"https:\/\/mostincrediblevalue.com\/beauty\/index.php\/wp-json\/wp\/v2\/media\/30305"}],"wp:attachment":[{"href":"https:\/\/mostincrediblevalue.com\/beauty\/index.php\/wp-json\/wp\/v2\/media?parent=30304"}],"wp:term":[{"taxonomy":"product_brand","embeddable":true,"href":"https:\/\/mostincrediblevalue.com\/beauty\/index.php\/wp-json\/wp\/v2\/product_brand?post=30304"},{"taxonomy":"product_cat","embeddable":true,"href":"https:\/\/mostincrediblevalue.com\/beauty\/index.php\/wp-json\/wp\/v2\/product_cat?post=30304"},{"taxonomy":"product_tag","embeddable":true,"href":"https:\/\/mostincrediblevalue.com\/beauty\/index.php\/wp-json\/wp\/v2\/product_tag?post=30304"}],"curies":[{"name":"wp","href":"https:\/\/api.w.org\/{rel}","templated":true}]}}