{"id":30395,"date":"2023-11-26T05:08:19","date_gmt":"2023-11-26T05:08:19","guid":{"rendered":"https:\/\/mostincrediblevalue.com\/beauty\/index.php\/product\/renergie-h-p-n-300-peptide-cream-holiday-refill-gift-set-sku221671455\/"},"modified":"2023-11-26T05:08:19","modified_gmt":"2023-11-26T05:08:19","slug":"renergie-h-p-n-300-peptide-cream-holiday-refill-gift-set-sku221671455","status":"publish","type":"product","link":"https:\/\/mostincrediblevalue.com\/beauty\/index.php\/product\/renergie-h-p-n-300-peptide-cream-holiday-refill-gift-set-sku221671455\/","title":{"rendered":"R\u00e9nergie H.P.N. 300 Peptide Cream Holiday Refill Gift Set- sku221671455"},"content":{"rendered":"","protected":false},"excerpt":{"rendered":"<p>Full-Size R\u00e9nergie H. P. N 300-Peptide Cream 1.7 oz.: Facial cream that combines 3 ingredients represented by the name H. P. N. (Hyaluronic Acid, over 300 different Peptides, and Niacinamide) into a highly sensorial formula to reach an exceptional level of efficacy. Helps improve visible signs of aging, such as wrinkles, dark spots, &#038; lower face sagging, with clinically significant results as early as two weeks. Full-Size R\u00e9nergie H. P. N 300-Peptide Cream Refill 1.7\u00a0oz.<\/p>\n","protected":false},"featured_media":30396,"comment_status":"closed","ping_status":"closed","template":"","meta":[],"product_brand":[],"product_cat":[284,282,292,283],"product_tag":[178],"class_list":{"0":"post-30395","1":"product","2":"type-product","3":"status-publish","4":"has-post-thumbnail","6":"product_cat-cosmetics","7":"product_cat-health-beauty","8":"product_cat-perfume-cologne","9":"product_cat-personal-care","10":"product_tag-lancome","12":"first","13":"instock","14":"product-type-external","15":"add-to-wishlist-after_add_to_cart"},"yoast_head":"<!-- This site is optimized with the Yoast SEO plugin v27.3 - https:\/\/yoast.com\/product\/yoast-seo-wordpress\/ -->\n<title>R\u00e9nergie H.P.N. 300 Peptide Cream Holiday Refill Gift Set<\/title>\n<meta name=\"description\" content=\"R\u00e9nergie H.P.N. 300 Peptide Cream Holiday Refill Gift Set - Full-Size R\u00e9nergie H. P. N 300-Peptide Cream 1.7 oz.: Facial cream that combines 3 ingredients represented by the name H. P. N. (Hyaluronic Acid, over 300 different Peptides, and Niacinamide) into a highly sensorial formula to reach an exceptional level of efficacy. Helps improve visible signs of aging, such as wrinkles, dark spots, &amp; lower face sagging, with clinically significant results as early as two weeks. Full-Size R\u00e9nergie H. P. N 300-Peptide Cream Refill 1.7\u00a0oz.\" \/>\n<meta name=\"robots\" content=\"index, follow, max-snippet:-1, max-image-preview:large, max-video-preview:-1\" \/>\n<link rel=\"canonical\" href=\"https:\/\/mostincrediblevalue.com\/beauty\/index.php\/product\/renergie-h-p-n-300-peptide-cream-holiday-refill-gift-set-sku221671455\/\" \/>\n<meta property=\"og:locale\" content=\"en_US\" \/>\n<meta property=\"og:type\" content=\"article\" \/>\n<meta property=\"og:title\" content=\"R\u00e9nergie H.P.N. 300 Peptide Cream Holiday Refill Gift Set\" \/>\n<meta property=\"og:description\" content=\"R\u00e9nergie H.P.N. 300 Peptide Cream Holiday Refill Gift Set - Full-Size R\u00e9nergie H. P. N 300-Peptide Cream 1.7 oz.: Facial cream that combines 3 ingredients represented by the name H. P. N. (Hyaluronic Acid, over 300 different Peptides, and Niacinamide) into a highly sensorial formula to reach an exceptional level of efficacy. Helps improve visible signs of aging, such as wrinkles, dark spots, &amp; lower face sagging, with clinically significant results as early as two weeks. Full-Size R\u00e9nergie H. P. N 300-Peptide Cream Refill 1.7\u00a0oz.\" \/>\n<meta property=\"og:url\" content=\"https:\/\/mostincrediblevalue.com\/beauty\/index.php\/product\/renergie-h-p-n-300-peptide-cream-holiday-refill-gift-set-sku221671455\/\" \/>\n<meta property=\"og:site_name\" content=\"Health &amp; Beauty\" \/>\n<meta property=\"og:image\" content=\"https:\/\/mostincrediblevalue.com\/beauty\/wp-content\/uploads\/2023\/11\/nm_4666682_100000_m.jpeg\" \/>\n\t<meta property=\"og:image:width\" content=\"1200\" \/>\n\t<meta property=\"og:image:height\" content=\"1500\" \/>\n\t<meta property=\"og:image:type\" content=\"image\/jpeg\" \/>\n<meta name=\"twitter:card\" content=\"summary_large_image\" \/>\n<script type=\"application\/ld+json\" class=\"yoast-schema-graph\">{\"@context\":\"https:\\\/\\\/schema.org\",\"@graph\":[{\"@type\":\"WebPage\",\"@id\":\"https:\\\/\\\/mostincrediblevalue.com\\\/beauty\\\/index.php\\\/product\\\/renergie-h-p-n-300-peptide-cream-holiday-refill-gift-set-sku221671455\\\/\",\"url\":\"https:\\\/\\\/mostincrediblevalue.com\\\/beauty\\\/index.php\\\/product\\\/renergie-h-p-n-300-peptide-cream-holiday-refill-gift-set-sku221671455\\\/\",\"name\":\"R\u00e9nergie H.P.N. 300 Peptide Cream Holiday Refill Gift Set\",\"isPartOf\":{\"@id\":\"https:\\\/\\\/mostincrediblevalue.com\\\/beauty\\\/#website\"},\"primaryImageOfPage\":{\"@id\":\"https:\\\/\\\/mostincrediblevalue.com\\\/beauty\\\/index.php\\\/product\\\/renergie-h-p-n-300-peptide-cream-holiday-refill-gift-set-sku221671455\\\/#primaryimage\"},\"image\":{\"@id\":\"https:\\\/\\\/mostincrediblevalue.com\\\/beauty\\\/index.php\\\/product\\\/renergie-h-p-n-300-peptide-cream-holiday-refill-gift-set-sku221671455\\\/#primaryimage\"},\"thumbnailUrl\":\"https:\\\/\\\/mostincrediblevalue.com\\\/beauty\\\/wp-content\\\/uploads\\\/2023\\\/11\\\/nm_4666682_100000_m.jpeg\",\"datePublished\":\"2023-11-26T05:08:19+00:00\",\"description\":\"R\u00e9nergie H.P.N. 300 Peptide Cream Holiday Refill Gift Set - Full-Size R\u00e9nergie H. P. N 300-Peptide Cream 1.7 oz.: Facial cream that combines 3 ingredients represented by the name H. P. N. (Hyaluronic Acid, over 300 different Peptides, and Niacinamide) into a highly sensorial formula to reach an exceptional level of efficacy. Helps improve visible signs of aging, such as wrinkles, dark spots, & lower face sagging, with clinically significant results as early as two weeks. Full-Size R\u00e9nergie H. P. N 300-Peptide Cream Refill 1.7\u00a0oz.\",\"breadcrumb\":{\"@id\":\"https:\\\/\\\/mostincrediblevalue.com\\\/beauty\\\/index.php\\\/product\\\/renergie-h-p-n-300-peptide-cream-holiday-refill-gift-set-sku221671455\\\/#breadcrumb\"},\"inLanguage\":\"en-US\",\"potentialAction\":[{\"@type\":\"ReadAction\",\"target\":[\"https:\\\/\\\/mostincrediblevalue.com\\\/beauty\\\/index.php\\\/product\\\/renergie-h-p-n-300-peptide-cream-holiday-refill-gift-set-sku221671455\\\/\"]}]},{\"@type\":\"ImageObject\",\"inLanguage\":\"en-US\",\"@id\":\"https:\\\/\\\/mostincrediblevalue.com\\\/beauty\\\/index.php\\\/product\\\/renergie-h-p-n-300-peptide-cream-holiday-refill-gift-set-sku221671455\\\/#primaryimage\",\"url\":\"https:\\\/\\\/mostincrediblevalue.com\\\/beauty\\\/wp-content\\\/uploads\\\/2023\\\/11\\\/nm_4666682_100000_m.jpeg\",\"contentUrl\":\"https:\\\/\\\/mostincrediblevalue.com\\\/beauty\\\/wp-content\\\/uploads\\\/2023\\\/11\\\/nm_4666682_100000_m.jpeg\",\"width\":1200,\"height\":1500},{\"@type\":\"BreadcrumbList\",\"@id\":\"https:\\\/\\\/mostincrediblevalue.com\\\/beauty\\\/index.php\\\/product\\\/renergie-h-p-n-300-peptide-cream-holiday-refill-gift-set-sku221671455\\\/#breadcrumb\",\"itemListElement\":[{\"@type\":\"ListItem\",\"position\":1,\"name\":\"Home\",\"item\":\"https:\\\/\\\/mostincrediblevalue.com\\\/beauty\\\/\"},{\"@type\":\"ListItem\",\"position\":2,\"name\":\"Shop\",\"item\":\"https:\\\/\\\/mostincrediblevalue.com\\\/beauty\\\/\"},{\"@type\":\"ListItem\",\"position\":3,\"name\":\"R\u00e9nergie H.P.N. 300 Peptide Cream Holiday Refill Gift Set- sku221671455\"}]},{\"@type\":\"WebSite\",\"@id\":\"https:\\\/\\\/mostincrediblevalue.com\\\/beauty\\\/#website\",\"url\":\"https:\\\/\\\/mostincrediblevalue.com\\\/beauty\\\/\",\"name\":\"Health &amp; Beauty\",\"description\":\"\",\"potentialAction\":[{\"@type\":\"SearchAction\",\"target\":{\"@type\":\"EntryPoint\",\"urlTemplate\":\"https:\\\/\\\/mostincrediblevalue.com\\\/beauty\\\/?s={search_term_string}\"},\"query-input\":{\"@type\":\"PropertyValueSpecification\",\"valueRequired\":true,\"valueName\":\"search_term_string\"}}],\"inLanguage\":\"en-US\"}]}<\/script>\n<!-- \/ Yoast SEO plugin. -->","yoast_head_json":{"title":"R\u00e9nergie H.P.N. 300 Peptide Cream Holiday Refill Gift Set","description":"R\u00e9nergie H.P.N. 300 Peptide Cream Holiday Refill Gift Set - Full-Size R\u00e9nergie H. P. N 300-Peptide Cream 1.7 oz.: Facial cream that combines 3 ingredients represented by the name H. P. N. (Hyaluronic Acid, over 300 different Peptides, and Niacinamide) into a highly sensorial formula to reach an exceptional level of efficacy. Helps improve visible signs of aging, such as wrinkles, dark spots, & lower face sagging, with clinically significant results as early as two weeks. Full-Size R\u00e9nergie H. P. N 300-Peptide Cream Refill 1.7\u00a0oz.","robots":{"index":"index","follow":"follow","max-snippet":"max-snippet:-1","max-image-preview":"max-image-preview:large","max-video-preview":"max-video-preview:-1"},"canonical":"https:\/\/mostincrediblevalue.com\/beauty\/index.php\/product\/renergie-h-p-n-300-peptide-cream-holiday-refill-gift-set-sku221671455\/","og_locale":"en_US","og_type":"article","og_title":"R\u00e9nergie H.P.N. 300 Peptide Cream Holiday Refill Gift Set","og_description":"R\u00e9nergie H.P.N. 300 Peptide Cream Holiday Refill Gift Set - Full-Size R\u00e9nergie H. P. N 300-Peptide Cream 1.7 oz.: Facial cream that combines 3 ingredients represented by the name H. P. N. (Hyaluronic Acid, over 300 different Peptides, and Niacinamide) into a highly sensorial formula to reach an exceptional level of efficacy. Helps improve visible signs of aging, such as wrinkles, dark spots, & lower face sagging, with clinically significant results as early as two weeks. Full-Size R\u00e9nergie H. P. N 300-Peptide Cream Refill 1.7\u00a0oz.","og_url":"https:\/\/mostincrediblevalue.com\/beauty\/index.php\/product\/renergie-h-p-n-300-peptide-cream-holiday-refill-gift-set-sku221671455\/","og_site_name":"Health &amp; Beauty","og_image":[{"width":1200,"height":1500,"url":"https:\/\/mostincrediblevalue.com\/beauty\/wp-content\/uploads\/2023\/11\/nm_4666682_100000_m.jpeg","type":"image\/jpeg"}],"twitter_card":"summary_large_image","schema":{"@context":"https:\/\/schema.org","@graph":[{"@type":"WebPage","@id":"https:\/\/mostincrediblevalue.com\/beauty\/index.php\/product\/renergie-h-p-n-300-peptide-cream-holiday-refill-gift-set-sku221671455\/","url":"https:\/\/mostincrediblevalue.com\/beauty\/index.php\/product\/renergie-h-p-n-300-peptide-cream-holiday-refill-gift-set-sku221671455\/","name":"R\u00e9nergie H.P.N. 300 Peptide Cream Holiday Refill Gift Set","isPartOf":{"@id":"https:\/\/mostincrediblevalue.com\/beauty\/#website"},"primaryImageOfPage":{"@id":"https:\/\/mostincrediblevalue.com\/beauty\/index.php\/product\/renergie-h-p-n-300-peptide-cream-holiday-refill-gift-set-sku221671455\/#primaryimage"},"image":{"@id":"https:\/\/mostincrediblevalue.com\/beauty\/index.php\/product\/renergie-h-p-n-300-peptide-cream-holiday-refill-gift-set-sku221671455\/#primaryimage"},"thumbnailUrl":"https:\/\/mostincrediblevalue.com\/beauty\/wp-content\/uploads\/2023\/11\/nm_4666682_100000_m.jpeg","datePublished":"2023-11-26T05:08:19+00:00","description":"R\u00e9nergie H.P.N. 300 Peptide Cream Holiday Refill Gift Set - Full-Size R\u00e9nergie H. P. N 300-Peptide Cream 1.7 oz.: Facial cream that combines 3 ingredients represented by the name H. P. N. (Hyaluronic Acid, over 300 different Peptides, and Niacinamide) into a highly sensorial formula to reach an exceptional level of efficacy. Helps improve visible signs of aging, such as wrinkles, dark spots, & lower face sagging, with clinically significant results as early as two weeks. Full-Size R\u00e9nergie H. P. N 300-Peptide Cream Refill 1.7\u00a0oz.","breadcrumb":{"@id":"https:\/\/mostincrediblevalue.com\/beauty\/index.php\/product\/renergie-h-p-n-300-peptide-cream-holiday-refill-gift-set-sku221671455\/#breadcrumb"},"inLanguage":"en-US","potentialAction":[{"@type":"ReadAction","target":["https:\/\/mostincrediblevalue.com\/beauty\/index.php\/product\/renergie-h-p-n-300-peptide-cream-holiday-refill-gift-set-sku221671455\/"]}]},{"@type":"ImageObject","inLanguage":"en-US","@id":"https:\/\/mostincrediblevalue.com\/beauty\/index.php\/product\/renergie-h-p-n-300-peptide-cream-holiday-refill-gift-set-sku221671455\/#primaryimage","url":"https:\/\/mostincrediblevalue.com\/beauty\/wp-content\/uploads\/2023\/11\/nm_4666682_100000_m.jpeg","contentUrl":"https:\/\/mostincrediblevalue.com\/beauty\/wp-content\/uploads\/2023\/11\/nm_4666682_100000_m.jpeg","width":1200,"height":1500},{"@type":"BreadcrumbList","@id":"https:\/\/mostincrediblevalue.com\/beauty\/index.php\/product\/renergie-h-p-n-300-peptide-cream-holiday-refill-gift-set-sku221671455\/#breadcrumb","itemListElement":[{"@type":"ListItem","position":1,"name":"Home","item":"https:\/\/mostincrediblevalue.com\/beauty\/"},{"@type":"ListItem","position":2,"name":"Shop","item":"https:\/\/mostincrediblevalue.com\/beauty\/"},{"@type":"ListItem","position":3,"name":"R\u00e9nergie H.P.N. 300 Peptide Cream Holiday Refill Gift Set- sku221671455"}]},{"@type":"WebSite","@id":"https:\/\/mostincrediblevalue.com\/beauty\/#website","url":"https:\/\/mostincrediblevalue.com\/beauty\/","name":"Health &amp; Beauty","description":"","potentialAction":[{"@type":"SearchAction","target":{"@type":"EntryPoint","urlTemplate":"https:\/\/mostincrediblevalue.com\/beauty\/?s={search_term_string}"},"query-input":{"@type":"PropertyValueSpecification","valueRequired":true,"valueName":"search_term_string"}}],"inLanguage":"en-US"}]}},"_links":{"self":[{"href":"https:\/\/mostincrediblevalue.com\/beauty\/index.php\/wp-json\/wp\/v2\/product\/30395","targetHints":{"allow":["GET"]}}],"collection":[{"href":"https:\/\/mostincrediblevalue.com\/beauty\/index.php\/wp-json\/wp\/v2\/product"}],"about":[{"href":"https:\/\/mostincrediblevalue.com\/beauty\/index.php\/wp-json\/wp\/v2\/types\/product"}],"replies":[{"embeddable":true,"href":"https:\/\/mostincrediblevalue.com\/beauty\/index.php\/wp-json\/wp\/v2\/comments?post=30395"}],"wp:featuredmedia":[{"embeddable":true,"href":"https:\/\/mostincrediblevalue.com\/beauty\/index.php\/wp-json\/wp\/v2\/media\/30396"}],"wp:attachment":[{"href":"https:\/\/mostincrediblevalue.com\/beauty\/index.php\/wp-json\/wp\/v2\/media?parent=30395"}],"wp:term":[{"taxonomy":"product_brand","embeddable":true,"href":"https:\/\/mostincrediblevalue.com\/beauty\/index.php\/wp-json\/wp\/v2\/product_brand?post=30395"},{"taxonomy":"product_cat","embeddable":true,"href":"https:\/\/mostincrediblevalue.com\/beauty\/index.php\/wp-json\/wp\/v2\/product_cat?post=30395"},{"taxonomy":"product_tag","embeddable":true,"href":"https:\/\/mostincrediblevalue.com\/beauty\/index.php\/wp-json\/wp\/v2\/product_tag?post=30395"}],"curies":[{"name":"wp","href":"https:\/\/api.w.org\/{rel}","templated":true}]}}