{"id":31366,"date":"2023-11-26T06:23:08","date_gmt":"2023-11-26T06:23:08","guid":{"rendered":"https:\/\/mostincrediblevalue.com\/beauty\/index.php\/product\/creme-apricot-nail-creme-sku26260129\/"},"modified":"2023-11-26T06:23:09","modified_gmt":"2023-11-26T06:23:09","slug":"creme-apricot-nail-creme-sku26260129","status":"publish","type":"product","link":"https:\/\/mostincrediblevalue.com\/beauty\/index.php\/product\/creme-apricot-nail-creme-sku26260129\/","title":{"rendered":"Creme Apricot Nail Cr\u00e8me- sku26260129"},"content":{"rendered":"","protected":false},"excerpt":{"rendered":"<p>Dior Creme Apricot Nail Cr\u00e8me What It Does The iconic Dior Manicure nail care since 1963, renowned for its nourishing and moisturizing properties. Its highly rich formula fortifies nails and improves resistance with visible results in just one month. How to Use &#8211; Apply around the nail, gently massaging until absorbed. &#8211; Best used in the evening to let it work all night long. Key Ingredients A cream enriched with emollient and fortifying agents essential to nail beauty. Skin Type.<\/p>\n","protected":false},"featured_media":31367,"comment_status":"closed","ping_status":"closed","template":"","meta":[],"product_brand":[],"product_cat":[282,283,308],"product_tag":[180],"class_list":{"0":"post-31366","1":"product","2":"type-product","3":"status-publish","4":"has-post-thumbnail","6":"product_cat-health-beauty","7":"product_cat-personal-care","8":"product_cat-shaving-grooming","9":"product_tag-dior","11":"first","12":"instock","13":"product-type-external","14":"add-to-wishlist-after_add_to_cart"},"yoast_head":"<!-- This site is optimized with the Yoast SEO plugin v27.4 - https:\/\/yoast.com\/product\/yoast-seo-wordpress\/ -->\n<title>Creme Apricot Nail Cr\u00e8me<\/title>\n<meta name=\"description\" content=\"Creme Apricot Nail Cr\u00e8me - Dior Creme Apricot Nail Cr\u00e8me What It Does The iconic Dior Manicure nail care since 1963, renowned for its nourishing and moisturizing properties. Its highly rich formula fortifies nails and improves resistance with visible results in just one month. How to Use - Apply around the nail, gently massaging until absorbed. - Best used in the evening to let it work all night long. Key Ingredients A cream enriched with emollient and fortifying agents essential to nail beauty. Skin Type.\" \/>\n<meta name=\"robots\" content=\"index, follow, max-snippet:-1, max-image-preview:large, max-video-preview:-1\" \/>\n<link rel=\"canonical\" href=\"https:\/\/mostincrediblevalue.com\/beauty\/index.php\/product\/creme-apricot-nail-creme-sku26260129\/\" \/>\n<meta property=\"og:locale\" content=\"en_US\" \/>\n<meta property=\"og:type\" content=\"article\" \/>\n<meta property=\"og:title\" content=\"Creme Apricot Nail Cr\u00e8me\" \/>\n<meta property=\"og:description\" content=\"Creme Apricot Nail Cr\u00e8me - Dior Creme Apricot Nail Cr\u00e8me What It Does The iconic Dior Manicure nail care since 1963, renowned for its nourishing and moisturizing properties. Its highly rich formula fortifies nails and improves resistance with visible results in just one month. How to Use - Apply around the nail, gently massaging until absorbed. - Best used in the evening to let it work all night long. Key Ingredients A cream enriched with emollient and fortifying agents essential to nail beauty. Skin Type.\" \/>\n<meta property=\"og:url\" content=\"https:\/\/mostincrediblevalue.com\/beauty\/index.php\/product\/creme-apricot-nail-creme-sku26260129\/\" \/>\n<meta property=\"og:site_name\" content=\"Health &amp; Beauty\" \/>\n<meta property=\"article:modified_time\" content=\"2023-11-26T06:23:09+00:00\" \/>\n<meta property=\"og:image\" content=\"https:\/\/mostincrediblevalue.com\/beauty\/wp-content\/uploads\/2023\/11\/nm_240226_100000_m.jpeg\" \/>\n\t<meta property=\"og:image:width\" content=\"1200\" \/>\n\t<meta property=\"og:image:height\" content=\"1500\" \/>\n\t<meta property=\"og:image:type\" content=\"image\/jpeg\" \/>\n<meta name=\"twitter:card\" content=\"summary_large_image\" \/>\n<script type=\"application\/ld+json\" class=\"yoast-schema-graph\">{\"@context\":\"https:\\\/\\\/schema.org\",\"@graph\":[{\"@type\":\"WebPage\",\"@id\":\"https:\\\/\\\/mostincrediblevalue.com\\\/beauty\\\/index.php\\\/product\\\/creme-apricot-nail-creme-sku26260129\\\/\",\"url\":\"https:\\\/\\\/mostincrediblevalue.com\\\/beauty\\\/index.php\\\/product\\\/creme-apricot-nail-creme-sku26260129\\\/\",\"name\":\"Creme Apricot Nail Cr\u00e8me\",\"isPartOf\":{\"@id\":\"https:\\\/\\\/mostincrediblevalue.com\\\/beauty\\\/#website\"},\"primaryImageOfPage\":{\"@id\":\"https:\\\/\\\/mostincrediblevalue.com\\\/beauty\\\/index.php\\\/product\\\/creme-apricot-nail-creme-sku26260129\\\/#primaryimage\"},\"image\":{\"@id\":\"https:\\\/\\\/mostincrediblevalue.com\\\/beauty\\\/index.php\\\/product\\\/creme-apricot-nail-creme-sku26260129\\\/#primaryimage\"},\"thumbnailUrl\":\"https:\\\/\\\/mostincrediblevalue.com\\\/beauty\\\/wp-content\\\/uploads\\\/2023\\\/11\\\/nm_240226_100000_m.jpeg\",\"datePublished\":\"2023-11-26T06:23:08+00:00\",\"dateModified\":\"2023-11-26T06:23:09+00:00\",\"description\":\"Creme Apricot Nail Cr\u00e8me - Dior Creme Apricot Nail Cr\u00e8me What It Does The iconic Dior Manicure nail care since 1963, renowned for its nourishing and moisturizing properties. Its highly rich formula fortifies nails and improves resistance with visible results in just one month. How to Use - Apply around the nail, gently massaging until absorbed. - Best used in the evening to let it work all night long. Key Ingredients A cream enriched with emollient and fortifying agents essential to nail beauty. Skin Type.\",\"breadcrumb\":{\"@id\":\"https:\\\/\\\/mostincrediblevalue.com\\\/beauty\\\/index.php\\\/product\\\/creme-apricot-nail-creme-sku26260129\\\/#breadcrumb\"},\"inLanguage\":\"en-US\",\"potentialAction\":[{\"@type\":\"ReadAction\",\"target\":[\"https:\\\/\\\/mostincrediblevalue.com\\\/beauty\\\/index.php\\\/product\\\/creme-apricot-nail-creme-sku26260129\\\/\"]}]},{\"@type\":\"ImageObject\",\"inLanguage\":\"en-US\",\"@id\":\"https:\\\/\\\/mostincrediblevalue.com\\\/beauty\\\/index.php\\\/product\\\/creme-apricot-nail-creme-sku26260129\\\/#primaryimage\",\"url\":\"https:\\\/\\\/mostincrediblevalue.com\\\/beauty\\\/wp-content\\\/uploads\\\/2023\\\/11\\\/nm_240226_100000_m.jpeg\",\"contentUrl\":\"https:\\\/\\\/mostincrediblevalue.com\\\/beauty\\\/wp-content\\\/uploads\\\/2023\\\/11\\\/nm_240226_100000_m.jpeg\",\"width\":1200,\"height\":1500},{\"@type\":\"BreadcrumbList\",\"@id\":\"https:\\\/\\\/mostincrediblevalue.com\\\/beauty\\\/index.php\\\/product\\\/creme-apricot-nail-creme-sku26260129\\\/#breadcrumb\",\"itemListElement\":[{\"@type\":\"ListItem\",\"position\":1,\"name\":\"Home\",\"item\":\"https:\\\/\\\/mostincrediblevalue.com\\\/beauty\\\/\"},{\"@type\":\"ListItem\",\"position\":2,\"name\":\"Shop\",\"item\":\"https:\\\/\\\/mostincrediblevalue.com\\\/beauty\\\/\"},{\"@type\":\"ListItem\",\"position\":3,\"name\":\"Creme Apricot Nail Cr\u00e8me- sku26260129\"}]},{\"@type\":\"WebSite\",\"@id\":\"https:\\\/\\\/mostincrediblevalue.com\\\/beauty\\\/#website\",\"url\":\"https:\\\/\\\/mostincrediblevalue.com\\\/beauty\\\/\",\"name\":\"Health &amp; Beauty\",\"description\":\"\",\"potentialAction\":[{\"@type\":\"SearchAction\",\"target\":{\"@type\":\"EntryPoint\",\"urlTemplate\":\"https:\\\/\\\/mostincrediblevalue.com\\\/beauty\\\/?s={search_term_string}\"},\"query-input\":{\"@type\":\"PropertyValueSpecification\",\"valueRequired\":true,\"valueName\":\"search_term_string\"}}],\"inLanguage\":\"en-US\"}]}<\/script>\n<!-- \/ Yoast SEO plugin. -->","yoast_head_json":{"title":"Creme Apricot Nail Cr\u00e8me","description":"Creme Apricot Nail Cr\u00e8me - Dior Creme Apricot Nail Cr\u00e8me What It Does The iconic Dior Manicure nail care since 1963, renowned for its nourishing and moisturizing properties. Its highly rich formula fortifies nails and improves resistance with visible results in just one month. How to Use - Apply around the nail, gently massaging until absorbed. - Best used in the evening to let it work all night long. Key Ingredients A cream enriched with emollient and fortifying agents essential to nail beauty. Skin Type.","robots":{"index":"index","follow":"follow","max-snippet":"max-snippet:-1","max-image-preview":"max-image-preview:large","max-video-preview":"max-video-preview:-1"},"canonical":"https:\/\/mostincrediblevalue.com\/beauty\/index.php\/product\/creme-apricot-nail-creme-sku26260129\/","og_locale":"en_US","og_type":"article","og_title":"Creme Apricot Nail Cr\u00e8me","og_description":"Creme Apricot Nail Cr\u00e8me - Dior Creme Apricot Nail Cr\u00e8me What It Does The iconic Dior Manicure nail care since 1963, renowned for its nourishing and moisturizing properties. Its highly rich formula fortifies nails and improves resistance with visible results in just one month. How to Use - Apply around the nail, gently massaging until absorbed. - Best used in the evening to let it work all night long. Key Ingredients A cream enriched with emollient and fortifying agents essential to nail beauty. Skin Type.","og_url":"https:\/\/mostincrediblevalue.com\/beauty\/index.php\/product\/creme-apricot-nail-creme-sku26260129\/","og_site_name":"Health &amp; Beauty","article_modified_time":"2023-11-26T06:23:09+00:00","og_image":[{"width":1200,"height":1500,"url":"https:\/\/mostincrediblevalue.com\/beauty\/wp-content\/uploads\/2023\/11\/nm_240226_100000_m.jpeg","type":"image\/jpeg"}],"twitter_card":"summary_large_image","schema":{"@context":"https:\/\/schema.org","@graph":[{"@type":"WebPage","@id":"https:\/\/mostincrediblevalue.com\/beauty\/index.php\/product\/creme-apricot-nail-creme-sku26260129\/","url":"https:\/\/mostincrediblevalue.com\/beauty\/index.php\/product\/creme-apricot-nail-creme-sku26260129\/","name":"Creme Apricot Nail Cr\u00e8me","isPartOf":{"@id":"https:\/\/mostincrediblevalue.com\/beauty\/#website"},"primaryImageOfPage":{"@id":"https:\/\/mostincrediblevalue.com\/beauty\/index.php\/product\/creme-apricot-nail-creme-sku26260129\/#primaryimage"},"image":{"@id":"https:\/\/mostincrediblevalue.com\/beauty\/index.php\/product\/creme-apricot-nail-creme-sku26260129\/#primaryimage"},"thumbnailUrl":"https:\/\/mostincrediblevalue.com\/beauty\/wp-content\/uploads\/2023\/11\/nm_240226_100000_m.jpeg","datePublished":"2023-11-26T06:23:08+00:00","dateModified":"2023-11-26T06:23:09+00:00","description":"Creme Apricot Nail Cr\u00e8me - Dior Creme Apricot Nail Cr\u00e8me What It Does The iconic Dior Manicure nail care since 1963, renowned for its nourishing and moisturizing properties. Its highly rich formula fortifies nails and improves resistance with visible results in just one month. How to Use - Apply around the nail, gently massaging until absorbed. - Best used in the evening to let it work all night long. Key Ingredients A cream enriched with emollient and fortifying agents essential to nail beauty. Skin Type.","breadcrumb":{"@id":"https:\/\/mostincrediblevalue.com\/beauty\/index.php\/product\/creme-apricot-nail-creme-sku26260129\/#breadcrumb"},"inLanguage":"en-US","potentialAction":[{"@type":"ReadAction","target":["https:\/\/mostincrediblevalue.com\/beauty\/index.php\/product\/creme-apricot-nail-creme-sku26260129\/"]}]},{"@type":"ImageObject","inLanguage":"en-US","@id":"https:\/\/mostincrediblevalue.com\/beauty\/index.php\/product\/creme-apricot-nail-creme-sku26260129\/#primaryimage","url":"https:\/\/mostincrediblevalue.com\/beauty\/wp-content\/uploads\/2023\/11\/nm_240226_100000_m.jpeg","contentUrl":"https:\/\/mostincrediblevalue.com\/beauty\/wp-content\/uploads\/2023\/11\/nm_240226_100000_m.jpeg","width":1200,"height":1500},{"@type":"BreadcrumbList","@id":"https:\/\/mostincrediblevalue.com\/beauty\/index.php\/product\/creme-apricot-nail-creme-sku26260129\/#breadcrumb","itemListElement":[{"@type":"ListItem","position":1,"name":"Home","item":"https:\/\/mostincrediblevalue.com\/beauty\/"},{"@type":"ListItem","position":2,"name":"Shop","item":"https:\/\/mostincrediblevalue.com\/beauty\/"},{"@type":"ListItem","position":3,"name":"Creme Apricot Nail Cr\u00e8me- sku26260129"}]},{"@type":"WebSite","@id":"https:\/\/mostincrediblevalue.com\/beauty\/#website","url":"https:\/\/mostincrediblevalue.com\/beauty\/","name":"Health &amp; Beauty","description":"","potentialAction":[{"@type":"SearchAction","target":{"@type":"EntryPoint","urlTemplate":"https:\/\/mostincrediblevalue.com\/beauty\/?s={search_term_string}"},"query-input":{"@type":"PropertyValueSpecification","valueRequired":true,"valueName":"search_term_string"}}],"inLanguage":"en-US"}]}},"_links":{"self":[{"href":"https:\/\/mostincrediblevalue.com\/beauty\/index.php\/wp-json\/wp\/v2\/product\/31366","targetHints":{"allow":["GET"]}}],"collection":[{"href":"https:\/\/mostincrediblevalue.com\/beauty\/index.php\/wp-json\/wp\/v2\/product"}],"about":[{"href":"https:\/\/mostincrediblevalue.com\/beauty\/index.php\/wp-json\/wp\/v2\/types\/product"}],"replies":[{"embeddable":true,"href":"https:\/\/mostincrediblevalue.com\/beauty\/index.php\/wp-json\/wp\/v2\/comments?post=31366"}],"wp:featuredmedia":[{"embeddable":true,"href":"https:\/\/mostincrediblevalue.com\/beauty\/index.php\/wp-json\/wp\/v2\/media\/31367"}],"wp:attachment":[{"href":"https:\/\/mostincrediblevalue.com\/beauty\/index.php\/wp-json\/wp\/v2\/media?parent=31366"}],"wp:term":[{"taxonomy":"product_brand","embeddable":true,"href":"https:\/\/mostincrediblevalue.com\/beauty\/index.php\/wp-json\/wp\/v2\/product_brand?post=31366"},{"taxonomy":"product_cat","embeddable":true,"href":"https:\/\/mostincrediblevalue.com\/beauty\/index.php\/wp-json\/wp\/v2\/product_cat?post=31366"},{"taxonomy":"product_tag","embeddable":true,"href":"https:\/\/mostincrediblevalue.com\/beauty\/index.php\/wp-json\/wp\/v2\/product_tag?post=31366"}],"curies":[{"name":"wp","href":"https:\/\/api.w.org\/{rel}","templated":true}]}}