{"id":31904,"date":"2023-11-26T09:41:31","date_gmt":"2023-11-26T09:41:31","guid":{"rendered":"https:\/\/mostincrediblevalue.com\/beauty\/index.php\/product\/or-rouge-creme-riche-0-5-oz-sku219131597\/"},"modified":"2023-11-26T09:41:32","modified_gmt":"2023-11-26T09:41:32","slug":"or-rouge-creme-riche-0-5-oz-sku219131597","status":"publish","type":"product","link":"https:\/\/mostincrediblevalue.com\/beauty\/index.php\/product\/or-rouge-creme-riche-0-5-oz-sku219131597\/","title":{"rendered":"Or Rouge Cr\u00e8me Riche, 0.5 oz.- sku219131597"},"content":{"rendered":"","protected":false},"excerpt":{"rendered":"<p>Yves Saint Laurent Beaute Or Rouge Cr\u00e8me Riche, 0.5 oz. Or Rouge Cr\u00e8me Riche is the right anti-aging moisturizer that maximizes rich hydration and helps defy signs of aging. This rich cream is formulated to replenish skin moisture and defend against fine lines and wrinkles. Cr\u00e8me Riche moisturizing cream is essential for dramatic skin renewal on dryer skin. Ultra-soothing and creamy, it delivers rich hydration to effectively improve signs of aging by evening skin to.<\/p>\n","protected":false},"featured_media":31905,"comment_status":"closed","ping_status":"closed","template":"","meta":[],"product_brand":[],"product_cat":[296,284,282,283,297],"product_tag":[356],"class_list":{"0":"post-31904","1":"product","2":"type-product","3":"status-publish","4":"has-post-thumbnail","6":"product_cat-cosmetic-tools","7":"product_cat-cosmetics","8":"product_cat-health-beauty","9":"product_cat-personal-care","10":"product_cat-skin-care-tools","11":"product_tag-yves-saint-laurent-beaute","13":"first","14":"instock","15":"product-type-external","16":"add-to-wishlist-after_add_to_cart"},"yoast_head":"<!-- This site is optimized with the Yoast SEO plugin v27.3 - https:\/\/yoast.com\/product\/yoast-seo-wordpress\/ -->\n<title>Or Rouge Cr\u00e8me Riche, 0.5 oz.<\/title>\n<meta name=\"description\" content=\"Or Rouge Cr\u00e8me Riche, 0.5 oz. - Yves Saint Laurent Beaute Or Rouge Cr\u00e8me Riche, 0.5 oz. Or Rouge Cr\u00e8me Riche is the right anti-aging moisturizer that maximizes rich hydration and helps defy signs of aging. This rich cream is formulated to replenish skin moisture and defend against fine lines and wrinkles. Cr\u00e8me Riche moisturizing cream is essential for dramatic skin renewal on dryer skin. Ultra-soothing and creamy, it delivers rich hydration to effectively improve signs of aging by evening skin to.\" \/>\n<meta name=\"robots\" content=\"index, follow, max-snippet:-1, max-image-preview:large, max-video-preview:-1\" \/>\n<link rel=\"canonical\" href=\"https:\/\/mostincrediblevalue.com\/beauty\/index.php\/product\/or-rouge-creme-riche-0-5-oz-sku219131597\/\" \/>\n<meta property=\"og:locale\" content=\"en_US\" \/>\n<meta property=\"og:type\" content=\"article\" \/>\n<meta property=\"og:title\" content=\"Or Rouge Cr\u00e8me Riche, 0.5 oz.\" \/>\n<meta property=\"og:description\" content=\"Or Rouge Cr\u00e8me Riche, 0.5 oz. - Yves Saint Laurent Beaute Or Rouge Cr\u00e8me Riche, 0.5 oz. Or Rouge Cr\u00e8me Riche is the right anti-aging moisturizer that maximizes rich hydration and helps defy signs of aging. This rich cream is formulated to replenish skin moisture and defend against fine lines and wrinkles. Cr\u00e8me Riche moisturizing cream is essential for dramatic skin renewal on dryer skin. Ultra-soothing and creamy, it delivers rich hydration to effectively improve signs of aging by evening skin to.\" \/>\n<meta property=\"og:url\" content=\"https:\/\/mostincrediblevalue.com\/beauty\/index.php\/product\/or-rouge-creme-riche-0-5-oz-sku219131597\/\" \/>\n<meta property=\"og:site_name\" content=\"Health &amp; Beauty\" \/>\n<meta property=\"article:modified_time\" content=\"2023-11-26T09:41:32+00:00\" \/>\n<meta property=\"og:image\" content=\"https:\/\/mostincrediblevalue.com\/beauty\/wp-content\/uploads\/2023\/11\/nm_4593926_100000_m.jpeg\" \/>\n\t<meta property=\"og:image:width\" content=\"1200\" \/>\n\t<meta property=\"og:image:height\" content=\"1500\" \/>\n\t<meta property=\"og:image:type\" content=\"image\/jpeg\" \/>\n<meta name=\"twitter:card\" content=\"summary_large_image\" \/>\n<script type=\"application\/ld+json\" class=\"yoast-schema-graph\">{\"@context\":\"https:\\\/\\\/schema.org\",\"@graph\":[{\"@type\":\"WebPage\",\"@id\":\"https:\\\/\\\/mostincrediblevalue.com\\\/beauty\\\/index.php\\\/product\\\/or-rouge-creme-riche-0-5-oz-sku219131597\\\/\",\"url\":\"https:\\\/\\\/mostincrediblevalue.com\\\/beauty\\\/index.php\\\/product\\\/or-rouge-creme-riche-0-5-oz-sku219131597\\\/\",\"name\":\"Or Rouge Cr\u00e8me Riche, 0.5 oz.\",\"isPartOf\":{\"@id\":\"https:\\\/\\\/mostincrediblevalue.com\\\/beauty\\\/#website\"},\"primaryImageOfPage\":{\"@id\":\"https:\\\/\\\/mostincrediblevalue.com\\\/beauty\\\/index.php\\\/product\\\/or-rouge-creme-riche-0-5-oz-sku219131597\\\/#primaryimage\"},\"image\":{\"@id\":\"https:\\\/\\\/mostincrediblevalue.com\\\/beauty\\\/index.php\\\/product\\\/or-rouge-creme-riche-0-5-oz-sku219131597\\\/#primaryimage\"},\"thumbnailUrl\":\"https:\\\/\\\/mostincrediblevalue.com\\\/beauty\\\/wp-content\\\/uploads\\\/2023\\\/11\\\/nm_4593926_100000_m.jpeg\",\"datePublished\":\"2023-11-26T09:41:31+00:00\",\"dateModified\":\"2023-11-26T09:41:32+00:00\",\"description\":\"Or Rouge Cr\u00e8me Riche, 0.5 oz. - Yves Saint Laurent Beaute Or Rouge Cr\u00e8me Riche, 0.5 oz. Or Rouge Cr\u00e8me Riche is the right anti-aging moisturizer that maximizes rich hydration and helps defy signs of aging. This rich cream is formulated to replenish skin moisture and defend against fine lines and wrinkles. Cr\u00e8me Riche moisturizing cream is essential for dramatic skin renewal on dryer skin. Ultra-soothing and creamy, it delivers rich hydration to effectively improve signs of aging by evening skin to.\",\"breadcrumb\":{\"@id\":\"https:\\\/\\\/mostincrediblevalue.com\\\/beauty\\\/index.php\\\/product\\\/or-rouge-creme-riche-0-5-oz-sku219131597\\\/#breadcrumb\"},\"inLanguage\":\"en-US\",\"potentialAction\":[{\"@type\":\"ReadAction\",\"target\":[\"https:\\\/\\\/mostincrediblevalue.com\\\/beauty\\\/index.php\\\/product\\\/or-rouge-creme-riche-0-5-oz-sku219131597\\\/\"]}]},{\"@type\":\"ImageObject\",\"inLanguage\":\"en-US\",\"@id\":\"https:\\\/\\\/mostincrediblevalue.com\\\/beauty\\\/index.php\\\/product\\\/or-rouge-creme-riche-0-5-oz-sku219131597\\\/#primaryimage\",\"url\":\"https:\\\/\\\/mostincrediblevalue.com\\\/beauty\\\/wp-content\\\/uploads\\\/2023\\\/11\\\/nm_4593926_100000_m.jpeg\",\"contentUrl\":\"https:\\\/\\\/mostincrediblevalue.com\\\/beauty\\\/wp-content\\\/uploads\\\/2023\\\/11\\\/nm_4593926_100000_m.jpeg\",\"width\":1200,\"height\":1500},{\"@type\":\"BreadcrumbList\",\"@id\":\"https:\\\/\\\/mostincrediblevalue.com\\\/beauty\\\/index.php\\\/product\\\/or-rouge-creme-riche-0-5-oz-sku219131597\\\/#breadcrumb\",\"itemListElement\":[{\"@type\":\"ListItem\",\"position\":1,\"name\":\"Home\",\"item\":\"https:\\\/\\\/mostincrediblevalue.com\\\/beauty\\\/\"},{\"@type\":\"ListItem\",\"position\":2,\"name\":\"Shop\",\"item\":\"https:\\\/\\\/mostincrediblevalue.com\\\/beauty\\\/\"},{\"@type\":\"ListItem\",\"position\":3,\"name\":\"Or Rouge Cr\u00e8me Riche, 0.5 oz.- sku219131597\"}]},{\"@type\":\"WebSite\",\"@id\":\"https:\\\/\\\/mostincrediblevalue.com\\\/beauty\\\/#website\",\"url\":\"https:\\\/\\\/mostincrediblevalue.com\\\/beauty\\\/\",\"name\":\"Health &amp; Beauty\",\"description\":\"\",\"potentialAction\":[{\"@type\":\"SearchAction\",\"target\":{\"@type\":\"EntryPoint\",\"urlTemplate\":\"https:\\\/\\\/mostincrediblevalue.com\\\/beauty\\\/?s={search_term_string}\"},\"query-input\":{\"@type\":\"PropertyValueSpecification\",\"valueRequired\":true,\"valueName\":\"search_term_string\"}}],\"inLanguage\":\"en-US\"}]}<\/script>\n<!-- \/ Yoast SEO plugin. -->","yoast_head_json":{"title":"Or Rouge Cr\u00e8me Riche, 0.5 oz.","description":"Or Rouge Cr\u00e8me Riche, 0.5 oz. - Yves Saint Laurent Beaute Or Rouge Cr\u00e8me Riche, 0.5 oz. Or Rouge Cr\u00e8me Riche is the right anti-aging moisturizer that maximizes rich hydration and helps defy signs of aging. This rich cream is formulated to replenish skin moisture and defend against fine lines and wrinkles. Cr\u00e8me Riche moisturizing cream is essential for dramatic skin renewal on dryer skin. Ultra-soothing and creamy, it delivers rich hydration to effectively improve signs of aging by evening skin to.","robots":{"index":"index","follow":"follow","max-snippet":"max-snippet:-1","max-image-preview":"max-image-preview:large","max-video-preview":"max-video-preview:-1"},"canonical":"https:\/\/mostincrediblevalue.com\/beauty\/index.php\/product\/or-rouge-creme-riche-0-5-oz-sku219131597\/","og_locale":"en_US","og_type":"article","og_title":"Or Rouge Cr\u00e8me Riche, 0.5 oz.","og_description":"Or Rouge Cr\u00e8me Riche, 0.5 oz. - Yves Saint Laurent Beaute Or Rouge Cr\u00e8me Riche, 0.5 oz. Or Rouge Cr\u00e8me Riche is the right anti-aging moisturizer that maximizes rich hydration and helps defy signs of aging. This rich cream is formulated to replenish skin moisture and defend against fine lines and wrinkles. Cr\u00e8me Riche moisturizing cream is essential for dramatic skin renewal on dryer skin. Ultra-soothing and creamy, it delivers rich hydration to effectively improve signs of aging by evening skin to.","og_url":"https:\/\/mostincrediblevalue.com\/beauty\/index.php\/product\/or-rouge-creme-riche-0-5-oz-sku219131597\/","og_site_name":"Health &amp; Beauty","article_modified_time":"2023-11-26T09:41:32+00:00","og_image":[{"width":1200,"height":1500,"url":"https:\/\/mostincrediblevalue.com\/beauty\/wp-content\/uploads\/2023\/11\/nm_4593926_100000_m.jpeg","type":"image\/jpeg"}],"twitter_card":"summary_large_image","schema":{"@context":"https:\/\/schema.org","@graph":[{"@type":"WebPage","@id":"https:\/\/mostincrediblevalue.com\/beauty\/index.php\/product\/or-rouge-creme-riche-0-5-oz-sku219131597\/","url":"https:\/\/mostincrediblevalue.com\/beauty\/index.php\/product\/or-rouge-creme-riche-0-5-oz-sku219131597\/","name":"Or Rouge Cr\u00e8me Riche, 0.5 oz.","isPartOf":{"@id":"https:\/\/mostincrediblevalue.com\/beauty\/#website"},"primaryImageOfPage":{"@id":"https:\/\/mostincrediblevalue.com\/beauty\/index.php\/product\/or-rouge-creme-riche-0-5-oz-sku219131597\/#primaryimage"},"image":{"@id":"https:\/\/mostincrediblevalue.com\/beauty\/index.php\/product\/or-rouge-creme-riche-0-5-oz-sku219131597\/#primaryimage"},"thumbnailUrl":"https:\/\/mostincrediblevalue.com\/beauty\/wp-content\/uploads\/2023\/11\/nm_4593926_100000_m.jpeg","datePublished":"2023-11-26T09:41:31+00:00","dateModified":"2023-11-26T09:41:32+00:00","description":"Or Rouge Cr\u00e8me Riche, 0.5 oz. - Yves Saint Laurent Beaute Or Rouge Cr\u00e8me Riche, 0.5 oz. Or Rouge Cr\u00e8me Riche is the right anti-aging moisturizer that maximizes rich hydration and helps defy signs of aging. This rich cream is formulated to replenish skin moisture and defend against fine lines and wrinkles. Cr\u00e8me Riche moisturizing cream is essential for dramatic skin renewal on dryer skin. Ultra-soothing and creamy, it delivers rich hydration to effectively improve signs of aging by evening skin to.","breadcrumb":{"@id":"https:\/\/mostincrediblevalue.com\/beauty\/index.php\/product\/or-rouge-creme-riche-0-5-oz-sku219131597\/#breadcrumb"},"inLanguage":"en-US","potentialAction":[{"@type":"ReadAction","target":["https:\/\/mostincrediblevalue.com\/beauty\/index.php\/product\/or-rouge-creme-riche-0-5-oz-sku219131597\/"]}]},{"@type":"ImageObject","inLanguage":"en-US","@id":"https:\/\/mostincrediblevalue.com\/beauty\/index.php\/product\/or-rouge-creme-riche-0-5-oz-sku219131597\/#primaryimage","url":"https:\/\/mostincrediblevalue.com\/beauty\/wp-content\/uploads\/2023\/11\/nm_4593926_100000_m.jpeg","contentUrl":"https:\/\/mostincrediblevalue.com\/beauty\/wp-content\/uploads\/2023\/11\/nm_4593926_100000_m.jpeg","width":1200,"height":1500},{"@type":"BreadcrumbList","@id":"https:\/\/mostincrediblevalue.com\/beauty\/index.php\/product\/or-rouge-creme-riche-0-5-oz-sku219131597\/#breadcrumb","itemListElement":[{"@type":"ListItem","position":1,"name":"Home","item":"https:\/\/mostincrediblevalue.com\/beauty\/"},{"@type":"ListItem","position":2,"name":"Shop","item":"https:\/\/mostincrediblevalue.com\/beauty\/"},{"@type":"ListItem","position":3,"name":"Or Rouge Cr\u00e8me Riche, 0.5 oz.- sku219131597"}]},{"@type":"WebSite","@id":"https:\/\/mostincrediblevalue.com\/beauty\/#website","url":"https:\/\/mostincrediblevalue.com\/beauty\/","name":"Health &amp; Beauty","description":"","potentialAction":[{"@type":"SearchAction","target":{"@type":"EntryPoint","urlTemplate":"https:\/\/mostincrediblevalue.com\/beauty\/?s={search_term_string}"},"query-input":{"@type":"PropertyValueSpecification","valueRequired":true,"valueName":"search_term_string"}}],"inLanguage":"en-US"}]}},"_links":{"self":[{"href":"https:\/\/mostincrediblevalue.com\/beauty\/index.php\/wp-json\/wp\/v2\/product\/31904","targetHints":{"allow":["GET"]}}],"collection":[{"href":"https:\/\/mostincrediblevalue.com\/beauty\/index.php\/wp-json\/wp\/v2\/product"}],"about":[{"href":"https:\/\/mostincrediblevalue.com\/beauty\/index.php\/wp-json\/wp\/v2\/types\/product"}],"replies":[{"embeddable":true,"href":"https:\/\/mostincrediblevalue.com\/beauty\/index.php\/wp-json\/wp\/v2\/comments?post=31904"}],"wp:featuredmedia":[{"embeddable":true,"href":"https:\/\/mostincrediblevalue.com\/beauty\/index.php\/wp-json\/wp\/v2\/media\/31905"}],"wp:attachment":[{"href":"https:\/\/mostincrediblevalue.com\/beauty\/index.php\/wp-json\/wp\/v2\/media?parent=31904"}],"wp:term":[{"taxonomy":"product_brand","embeddable":true,"href":"https:\/\/mostincrediblevalue.com\/beauty\/index.php\/wp-json\/wp\/v2\/product_brand?post=31904"},{"taxonomy":"product_cat","embeddable":true,"href":"https:\/\/mostincrediblevalue.com\/beauty\/index.php\/wp-json\/wp\/v2\/product_cat?post=31904"},{"taxonomy":"product_tag","embeddable":true,"href":"https:\/\/mostincrediblevalue.com\/beauty\/index.php\/wp-json\/wp\/v2\/product_tag?post=31904"}],"curies":[{"name":"wp","href":"https:\/\/api.w.org\/{rel}","templated":true}]}}