{"id":39729,"date":"2025-11-07T10:30:11","date_gmt":"2025-11-07T10:30:11","guid":{"rendered":"https:\/\/mostincrediblevalue.com\/jewelry\/index.php\/product\/5mm-chatelaine-pave-bezel-stud-earrings-with-gemstone-and-diamonds-in-silver-sku202580706\/"},"modified":"2025-11-07T10:30:14","modified_gmt":"2025-11-07T10:30:14","slug":"5mm-chatelaine-pave-bezel-stud-earrings-with-gemstone-and-diamonds-in-silver-sku202580706","status":"publish","type":"product","link":"https:\/\/mostincrediblevalue.com\/jewelry\/index.php\/product\/5mm-chatelaine-pave-bezel-stud-earrings-with-gemstone-and-diamonds-in-silver-sku202580706\/","title":{"rendered":"5mm Chatelaine Pav\u00e9 Bezel Stud Earrings with Gemstone and Diamonds in Silver- sku202580706"},"content":{"rendered":"","protected":false},"excerpt":{"rendered":"<p>David Yurman earrings Approx. 7mm across Sterling silver Pav\u00e9-set diamonds Cushion-cut stones: amethyst, black onyx, blue topaz, prasiolite or rhodolite garnet 0.14 total diamond carat weight Black onyx, 1.00 total carat weight Prasiolite, 1.08 total carat weight Amethyst, 1.08 total carat weight Blue topaz, 1.34 total carat weight 18-karat gold posts For pierced ears Imported<\/p>\n","protected":false},"featured_media":39730,"comment_status":"closed","ping_status":"open","template":"","meta":[],"product_brand":[],"product_cat":[252,251],"product_tag":[175],"class_list":{"0":"post-39729","1":"product","2":"type-product","3":"status-publish","4":"has-post-thumbnail","6":"product_cat-earrings","7":"product_cat-jewelry","8":"product_tag-david-yurman","10":"first","11":"instock","12":"product-type-external"},"yoast_head":"<!-- This site is optimized with the Yoast SEO plugin v27.4 - https:\/\/yoast.com\/product\/yoast-seo-wordpress\/ -->\n<title>5mm Chatelaine Pav\u00e9 Bezel Stud Earrings with Gemstone and Diamonds in Silver<\/title>\n<meta name=\"description\" content=\"5mm Chatelaine Pav\u00e9 Bezel Stud Earrings with Gemstone and Diamonds in Silver - David Yurman earrings Approx. 7mm across Sterling silver Pav\u00e9-set diamonds Cushion-cut stones: amethyst, black onyx, blue topaz, prasiolite or rhodolite garnet 0.14 total diamond carat weight Black onyx, 1.00 total carat weight Prasiolite, 1.08 total carat weight Amethyst, 1.08 total carat weight Blue topaz, 1.34 total carat weight 18-karat gold posts For pierced ears Imported\" \/>\n<meta name=\"robots\" content=\"index, follow, max-snippet:-1, max-image-preview:large, max-video-preview:-1\" \/>\n<link rel=\"canonical\" href=\"https:\/\/mostincrediblevalue.com\/jewelry\/index.php\/product\/5mm-chatelaine-pave-bezel-stud-earrings-with-gemstone-and-diamonds-in-silver-sku202580706\/\" \/>\n<meta property=\"og:locale\" content=\"en_US\" \/>\n<meta property=\"og:type\" content=\"article\" \/>\n<meta property=\"og:title\" content=\"5mm Chatelaine Pav\u00e9 Bezel Stud Earrings with Gemstone and Diamonds in Silver\" \/>\n<meta property=\"og:description\" content=\"5mm Chatelaine Pav\u00e9 Bezel Stud Earrings with Gemstone and Diamonds in Silver - David Yurman earrings Approx. 7mm across Sterling silver Pav\u00e9-set diamonds Cushion-cut stones: amethyst, black onyx, blue topaz, prasiolite or rhodolite garnet 0.14 total diamond carat weight Black onyx, 1.00 total carat weight Prasiolite, 1.08 total carat weight Amethyst, 1.08 total carat weight Blue topaz, 1.34 total carat weight 18-karat gold posts For pierced ears Imported\" \/>\n<meta property=\"og:url\" content=\"https:\/\/mostincrediblevalue.com\/jewelry\/index.php\/product\/5mm-chatelaine-pave-bezel-stud-earrings-with-gemstone-and-diamonds-in-silver-sku202580706\/\" \/>\n<meta property=\"og:site_name\" content=\"Fine Jewelry\" \/>\n<meta property=\"article:modified_time\" content=\"2025-11-07T10:30:14+00:00\" \/>\n<meta property=\"og:image\" content=\"https:\/\/mostincrediblevalue.com\/jewelry\/wp-content\/uploads\/2025\/11\/nm_4094864_100380_m.jpeg\" \/>\n\t<meta property=\"og:image:width\" content=\"1200\" \/>\n\t<meta property=\"og:image:height\" content=\"1500\" \/>\n\t<meta property=\"og:image:type\" content=\"image\/jpeg\" \/>\n<meta name=\"twitter:card\" content=\"summary_large_image\" \/>\n<script type=\"application\/ld+json\" class=\"yoast-schema-graph\">{\"@context\":\"https:\\\/\\\/schema.org\",\"@graph\":[{\"@type\":\"WebPage\",\"@id\":\"https:\\\/\\\/mostincrediblevalue.com\\\/jewelry\\\/index.php\\\/product\\\/5mm-chatelaine-pave-bezel-stud-earrings-with-gemstone-and-diamonds-in-silver-sku202580706\\\/\",\"url\":\"https:\\\/\\\/mostincrediblevalue.com\\\/jewelry\\\/index.php\\\/product\\\/5mm-chatelaine-pave-bezel-stud-earrings-with-gemstone-and-diamonds-in-silver-sku202580706\\\/\",\"name\":\"5mm Chatelaine Pav\u00e9 Bezel Stud Earrings with Gemstone and Diamonds in Silver\",\"isPartOf\":{\"@id\":\"https:\\\/\\\/mostincrediblevalue.com\\\/jewelry\\\/#website\"},\"primaryImageOfPage\":{\"@id\":\"https:\\\/\\\/mostincrediblevalue.com\\\/jewelry\\\/index.php\\\/product\\\/5mm-chatelaine-pave-bezel-stud-earrings-with-gemstone-and-diamonds-in-silver-sku202580706\\\/#primaryimage\"},\"image\":{\"@id\":\"https:\\\/\\\/mostincrediblevalue.com\\\/jewelry\\\/index.php\\\/product\\\/5mm-chatelaine-pave-bezel-stud-earrings-with-gemstone-and-diamonds-in-silver-sku202580706\\\/#primaryimage\"},\"thumbnailUrl\":\"https:\\\/\\\/mostincrediblevalue.com\\\/jewelry\\\/wp-content\\\/uploads\\\/2025\\\/11\\\/nm_4094864_100380_m.jpeg\",\"datePublished\":\"2025-11-07T10:30:11+00:00\",\"dateModified\":\"2025-11-07T10:30:14+00:00\",\"description\":\"5mm Chatelaine Pav\u00e9 Bezel Stud Earrings with Gemstone and Diamonds in Silver - David Yurman earrings Approx. 7mm across Sterling silver Pav\u00e9-set diamonds Cushion-cut stones: amethyst, black onyx, blue topaz, prasiolite or rhodolite garnet 0.14 total diamond carat weight Black onyx, 1.00 total carat weight Prasiolite, 1.08 total carat weight Amethyst, 1.08 total carat weight Blue topaz, 1.34 total carat weight 18-karat gold posts For pierced ears Imported\",\"breadcrumb\":{\"@id\":\"https:\\\/\\\/mostincrediblevalue.com\\\/jewelry\\\/index.php\\\/product\\\/5mm-chatelaine-pave-bezel-stud-earrings-with-gemstone-and-diamonds-in-silver-sku202580706\\\/#breadcrumb\"},\"inLanguage\":\"en-US\",\"potentialAction\":[{\"@type\":\"ReadAction\",\"target\":[\"https:\\\/\\\/mostincrediblevalue.com\\\/jewelry\\\/index.php\\\/product\\\/5mm-chatelaine-pave-bezel-stud-earrings-with-gemstone-and-diamonds-in-silver-sku202580706\\\/\"]}]},{\"@type\":\"ImageObject\",\"inLanguage\":\"en-US\",\"@id\":\"https:\\\/\\\/mostincrediblevalue.com\\\/jewelry\\\/index.php\\\/product\\\/5mm-chatelaine-pave-bezel-stud-earrings-with-gemstone-and-diamonds-in-silver-sku202580706\\\/#primaryimage\",\"url\":\"https:\\\/\\\/mostincrediblevalue.com\\\/jewelry\\\/wp-content\\\/uploads\\\/2025\\\/11\\\/nm_4094864_100380_m.jpeg\",\"contentUrl\":\"https:\\\/\\\/mostincrediblevalue.com\\\/jewelry\\\/wp-content\\\/uploads\\\/2025\\\/11\\\/nm_4094864_100380_m.jpeg\",\"width\":1200,\"height\":1500},{\"@type\":\"BreadcrumbList\",\"@id\":\"https:\\\/\\\/mostincrediblevalue.com\\\/jewelry\\\/index.php\\\/product\\\/5mm-chatelaine-pave-bezel-stud-earrings-with-gemstone-and-diamonds-in-silver-sku202580706\\\/#breadcrumb\",\"itemListElement\":[{\"@type\":\"ListItem\",\"position\":1,\"name\":\"Home\",\"item\":\"https:\\\/\\\/mostincrediblevalue.com\\\/jewelry\\\/\"},{\"@type\":\"ListItem\",\"position\":2,\"name\":\"Shop\",\"item\":\"https:\\\/\\\/mostincrediblevalue.com\\\/jewelry\\\/\"},{\"@type\":\"ListItem\",\"position\":3,\"name\":\"5mm Chatelaine Pav\u00e9 Bezel Stud Earrings with Gemstone and Diamonds in Silver- sku202580706\"}]},{\"@type\":\"WebSite\",\"@id\":\"https:\\\/\\\/mostincrediblevalue.com\\\/jewelry\\\/#website\",\"url\":\"https:\\\/\\\/mostincrediblevalue.com\\\/jewelry\\\/\",\"name\":\"Fine Jewelry\",\"description\":\"\",\"potentialAction\":[{\"@type\":\"SearchAction\",\"target\":{\"@type\":\"EntryPoint\",\"urlTemplate\":\"https:\\\/\\\/mostincrediblevalue.com\\\/jewelry\\\/?s={search_term_string}\"},\"query-input\":{\"@type\":\"PropertyValueSpecification\",\"valueRequired\":true,\"valueName\":\"search_term_string\"}}],\"inLanguage\":\"en-US\"}]}<\/script>\n<!-- \/ Yoast SEO plugin. -->","yoast_head_json":{"title":"5mm Chatelaine Pav\u00e9 Bezel Stud Earrings with Gemstone and Diamonds in Silver","description":"5mm Chatelaine Pav\u00e9 Bezel Stud Earrings with Gemstone and Diamonds in Silver - David Yurman earrings Approx. 7mm across Sterling silver Pav\u00e9-set diamonds Cushion-cut stones: amethyst, black onyx, blue topaz, prasiolite or rhodolite garnet 0.14 total diamond carat weight Black onyx, 1.00 total carat weight Prasiolite, 1.08 total carat weight Amethyst, 1.08 total carat weight Blue topaz, 1.34 total carat weight 18-karat gold posts For pierced ears Imported","robots":{"index":"index","follow":"follow","max-snippet":"max-snippet:-1","max-image-preview":"max-image-preview:large","max-video-preview":"max-video-preview:-1"},"canonical":"https:\/\/mostincrediblevalue.com\/jewelry\/index.php\/product\/5mm-chatelaine-pave-bezel-stud-earrings-with-gemstone-and-diamonds-in-silver-sku202580706\/","og_locale":"en_US","og_type":"article","og_title":"5mm Chatelaine Pav\u00e9 Bezel Stud Earrings with Gemstone and Diamonds in Silver","og_description":"5mm Chatelaine Pav\u00e9 Bezel Stud Earrings with Gemstone and Diamonds in Silver - David Yurman earrings Approx. 7mm across Sterling silver Pav\u00e9-set diamonds Cushion-cut stones: amethyst, black onyx, blue topaz, prasiolite or rhodolite garnet 0.14 total diamond carat weight Black onyx, 1.00 total carat weight Prasiolite, 1.08 total carat weight Amethyst, 1.08 total carat weight Blue topaz, 1.34 total carat weight 18-karat gold posts For pierced ears Imported","og_url":"https:\/\/mostincrediblevalue.com\/jewelry\/index.php\/product\/5mm-chatelaine-pave-bezel-stud-earrings-with-gemstone-and-diamonds-in-silver-sku202580706\/","og_site_name":"Fine Jewelry","article_modified_time":"2025-11-07T10:30:14+00:00","og_image":[{"width":1200,"height":1500,"url":"https:\/\/mostincrediblevalue.com\/jewelry\/wp-content\/uploads\/2025\/11\/nm_4094864_100380_m.jpeg","type":"image\/jpeg"}],"twitter_card":"summary_large_image","schema":{"@context":"https:\/\/schema.org","@graph":[{"@type":"WebPage","@id":"https:\/\/mostincrediblevalue.com\/jewelry\/index.php\/product\/5mm-chatelaine-pave-bezel-stud-earrings-with-gemstone-and-diamonds-in-silver-sku202580706\/","url":"https:\/\/mostincrediblevalue.com\/jewelry\/index.php\/product\/5mm-chatelaine-pave-bezel-stud-earrings-with-gemstone-and-diamonds-in-silver-sku202580706\/","name":"5mm Chatelaine Pav\u00e9 Bezel Stud Earrings with Gemstone and Diamonds in Silver","isPartOf":{"@id":"https:\/\/mostincrediblevalue.com\/jewelry\/#website"},"primaryImageOfPage":{"@id":"https:\/\/mostincrediblevalue.com\/jewelry\/index.php\/product\/5mm-chatelaine-pave-bezel-stud-earrings-with-gemstone-and-diamonds-in-silver-sku202580706\/#primaryimage"},"image":{"@id":"https:\/\/mostincrediblevalue.com\/jewelry\/index.php\/product\/5mm-chatelaine-pave-bezel-stud-earrings-with-gemstone-and-diamonds-in-silver-sku202580706\/#primaryimage"},"thumbnailUrl":"https:\/\/mostincrediblevalue.com\/jewelry\/wp-content\/uploads\/2025\/11\/nm_4094864_100380_m.jpeg","datePublished":"2025-11-07T10:30:11+00:00","dateModified":"2025-11-07T10:30:14+00:00","description":"5mm Chatelaine Pav\u00e9 Bezel Stud Earrings with Gemstone and Diamonds in Silver - David Yurman earrings Approx. 7mm across Sterling silver Pav\u00e9-set diamonds Cushion-cut stones: amethyst, black onyx, blue topaz, prasiolite or rhodolite garnet 0.14 total diamond carat weight Black onyx, 1.00 total carat weight Prasiolite, 1.08 total carat weight Amethyst, 1.08 total carat weight Blue topaz, 1.34 total carat weight 18-karat gold posts For pierced ears Imported","breadcrumb":{"@id":"https:\/\/mostincrediblevalue.com\/jewelry\/index.php\/product\/5mm-chatelaine-pave-bezel-stud-earrings-with-gemstone-and-diamonds-in-silver-sku202580706\/#breadcrumb"},"inLanguage":"en-US","potentialAction":[{"@type":"ReadAction","target":["https:\/\/mostincrediblevalue.com\/jewelry\/index.php\/product\/5mm-chatelaine-pave-bezel-stud-earrings-with-gemstone-and-diamonds-in-silver-sku202580706\/"]}]},{"@type":"ImageObject","inLanguage":"en-US","@id":"https:\/\/mostincrediblevalue.com\/jewelry\/index.php\/product\/5mm-chatelaine-pave-bezel-stud-earrings-with-gemstone-and-diamonds-in-silver-sku202580706\/#primaryimage","url":"https:\/\/mostincrediblevalue.com\/jewelry\/wp-content\/uploads\/2025\/11\/nm_4094864_100380_m.jpeg","contentUrl":"https:\/\/mostincrediblevalue.com\/jewelry\/wp-content\/uploads\/2025\/11\/nm_4094864_100380_m.jpeg","width":1200,"height":1500},{"@type":"BreadcrumbList","@id":"https:\/\/mostincrediblevalue.com\/jewelry\/index.php\/product\/5mm-chatelaine-pave-bezel-stud-earrings-with-gemstone-and-diamonds-in-silver-sku202580706\/#breadcrumb","itemListElement":[{"@type":"ListItem","position":1,"name":"Home","item":"https:\/\/mostincrediblevalue.com\/jewelry\/"},{"@type":"ListItem","position":2,"name":"Shop","item":"https:\/\/mostincrediblevalue.com\/jewelry\/"},{"@type":"ListItem","position":3,"name":"5mm Chatelaine Pav\u00e9 Bezel Stud Earrings with Gemstone and Diamonds in Silver- sku202580706"}]},{"@type":"WebSite","@id":"https:\/\/mostincrediblevalue.com\/jewelry\/#website","url":"https:\/\/mostincrediblevalue.com\/jewelry\/","name":"Fine Jewelry","description":"","potentialAction":[{"@type":"SearchAction","target":{"@type":"EntryPoint","urlTemplate":"https:\/\/mostincrediblevalue.com\/jewelry\/?s={search_term_string}"},"query-input":{"@type":"PropertyValueSpecification","valueRequired":true,"valueName":"search_term_string"}}],"inLanguage":"en-US"}]}},"_links":{"self":[{"href":"https:\/\/mostincrediblevalue.com\/jewelry\/index.php\/wp-json\/wp\/v2\/product\/39729","targetHints":{"allow":["GET"]}}],"collection":[{"href":"https:\/\/mostincrediblevalue.com\/jewelry\/index.php\/wp-json\/wp\/v2\/product"}],"about":[{"href":"https:\/\/mostincrediblevalue.com\/jewelry\/index.php\/wp-json\/wp\/v2\/types\/product"}],"replies":[{"embeddable":true,"href":"https:\/\/mostincrediblevalue.com\/jewelry\/index.php\/wp-json\/wp\/v2\/comments?post=39729"}],"wp:featuredmedia":[{"embeddable":true,"href":"https:\/\/mostincrediblevalue.com\/jewelry\/index.php\/wp-json\/wp\/v2\/media\/39730"}],"wp:attachment":[{"href":"https:\/\/mostincrediblevalue.com\/jewelry\/index.php\/wp-json\/wp\/v2\/media?parent=39729"}],"wp:term":[{"taxonomy":"product_brand","embeddable":true,"href":"https:\/\/mostincrediblevalue.com\/jewelry\/index.php\/wp-json\/wp\/v2\/product_brand?post=39729"},{"taxonomy":"product_cat","embeddable":true,"href":"https:\/\/mostincrediblevalue.com\/jewelry\/index.php\/wp-json\/wp\/v2\/product_cat?post=39729"},{"taxonomy":"product_tag","embeddable":true,"href":"https:\/\/mostincrediblevalue.com\/jewelry\/index.php\/wp-json\/wp\/v2\/product_tag?post=39729"}],"curies":[{"name":"wp","href":"https:\/\/api.w.org\/{rel}","templated":true}]}}